{"id":2977,"date":"2019-07-11T12:48:55","date_gmt":"2019-07-11T10:48:55","guid":{"rendered":"http:\/\/bhvvoordeelw.dded11d.satserver.nl\/product\/heartsine-360-volautomaat\/"},"modified":"2025-03-14T08:46:04","modified_gmt":"2025-03-14T06:46:04","slug":"heartsine-360-automatique","status":"publish","type":"product","link":"https:\/\/www.defibsolutions.fr\/boutique\/shop\/heartsine-360-automatique\/","title":{"rendered":"Heartsine Samaritan 360P Automatique"},"content":{"rendered":"<h2>Heartsine Samaritan 360P (version automatique)<\/h2>\n<p><span style=\"font-weight: 400;\">Le HeartSine Samaritan PAD 360P automatique est un excellent d\u00e9fibrillateur en tous points. Non seulement les co\u00fbts sont faibles en standby, mais ce d\u00e9fibrillateur est \u00e9galement dot\u00e9 de la meilleure r\u00e9sistance \u00e0 la poussi\u00e8re et \u00e0 l&#8217;eau de tous les DAE. Ajoutez \u00e0 cela aussi un prix d&#8217;achat avantageux, sa taille et son poids et vous comprendrez pourquoi ce d\u00e9fibrillateur est si populaire.<\/span><\/p>\n<p><span style=\"font-weight: 400;\">Le d\u00e9fibrillateur 360P\u00a0 guide l&#8217;utilisateur \u00e0 travers des instructions claires, avec l\u2019aide d\u2019un m\u00e9tronome et de mani\u00e8re visuelle en utilisant des lampes LED. Ces lampes indiquent, entre autre, o\u00f9 les \u00e9lectrodes doivent \u00eatre plac\u00e9es et quand on doit s\u2019\u00e9loigner du patient. Puisque le 360P est un d\u00e9fibrillateur automatique, il n\u2019est pas n\u00e9cessaire d\u2019appuyer sur un bouton pour d\u00e9livrer le choc. Si, lors de l\u2019analyse cardiaque le 360P d\u00e9termine qu\u2019un choc doit \u00eatre administr\u00e9, le d\u00e9fibrillateur l\u2019indiquera et comptera \u00e0 rebours et d\u00e9livrera lui-m\u00eame un choc.\u00a0<\/span><\/p>\n<p><span style=\"font-weight: 400;\">La marque Am\u00e9ricaine HeartSine a choisi d&#8217;int\u00e9grer la batterie et les \u00e9lectrodes dans un module. Ce PadPak peut facilement \u00eatre ins\u00e9r\u00e9 dans le d\u00e9fibrillateur et a une date de peremtion d&#8217;environ 4 ans. Le d\u00e9fibrillateur lui-m\u00eame a une garantie de 8 ans. Parce que le d\u00e9fibrillateur\u00a0 n&#8217;a pas de poign\u00e9e, HeartSine fournit un sac de transport pratique dot\u00e9 d&#8217;une grande fen\u00eatre de visualisation et d&#8217;un velcro au bas. Par cons\u00e9quent, il est \u00e9galement possible d&#8217;utiliser le d\u00e9fibrillateur quand il est encore dans le sac.<\/span><\/p>\n<p><strong><span style=\"color: #008000;\">Contenu du colis :<\/span><br \/>\n<\/strong>\u2013 un d\u00e9fibrillateur automatique HeartSine Samaritan PAD 360P<br \/>\n\u2013 un padpak: batterie et \u00e9lectrodes pour adulte combin\u00e9es<br \/>\n\u2013 un sac de transport<br \/>\n\u2013 un mode d\u2019emploi en fran\u00e7ais<br \/>\n\u2013 une garantie de 8 ans<\/p>\n<table>\n<tbody>\n<tr>\n<td><b>Sp\u00e9cifications<\/b><\/td>\n<\/tr>\n<tr>\n<td>mode de l\u2019appareil: version <strong>enti\u00e8rement<\/strong> <b>automatique<\/b><\/td>\n<\/tr>\n<tr>\n<td>indice de protection: 56<\/td>\n<\/tr>\n<tr>\n<td>m\u00e9tronome: oui<\/td>\n<\/tr>\n<tr>\n<td>assistance au massage cardiaque (realtime Feedback): non<\/td>\n<\/tr>\n<tr>\n<td>dur\u00e9e de vie Padpak pour adultes: pile + \u00e9lectrodes combin\u00e9es \u2013 4 ans<\/td>\n<\/tr>\n<tr>\n<td>dur\u00e9e de vie Padpak p\u00e9diatriques: pile + \u00e9lectrodes p\u00e9diatriques combin\u00e9es \u2013 4 ans<\/td>\n<\/tr>\n<tr>\n<td>niveau d\u2019\u00e9nergie d\u00e9livr\u00e9e (adultes): 150 \/ 150 \/ 200 joules<\/td>\n<\/tr>\n<tr>\n<td>niveau d\u2019\u00e9nergie d\u00e9livr\u00e9e (p\u00e9diatriques): 50 joules<\/td>\n<\/tr>\n<tr>\n<td>fabrication: Irlande<\/td>\n<\/tr>\n<tr>\n<td>marquage CE \/ certification FDA: oui<\/td>\n<\/tr>\n<\/tbody>\n<\/table>\n<p>&nbsp;<\/p>\n<p><a href=\"https:\/\/www.defibsolutions.fr\/wp-content\/uploads\/2019\/10\/Mauel-Heartsine-Samaritan.pdf\">Manuel Heartsine Samaritan<\/a><\/p>\n<p>&nbsp;<\/p>\n<p><center><\/center>&nbsp;<\/p>\n","protected":false},"excerpt":{"rendered":"<p>Heartsine Samaritan 360P (version automatique) Le HeartSine Samaritan PAD 360P automatique est un excellent d\u00e9fibrillateur en tous points. Non seulement<\/p>\n","protected":false},"featured_media":2978,"template":"","meta":[],"product_brand":[],"product_cat":[64,71,70],"product_tag":[],"class_list":{"0":"post-2977","1":"product","2":"type-product","3":"status-publish","4":"has-post-thumbnail","6":"product_cat-dae-defibrillateurs","7":"product_cat-heartsine-aeds","8":"product_cat-heartsine","9":"pa_fabricant-heartsine","11":"first","12":"instock","13":"taxable","14":"shipping-taxable","15":"purchasable","16":"product-type-simple"},"bundled_by":[],"bundle_stock_status":"instock","bundle_stock_quantity":null,"bundle_virtual":false,"bundle_layout":"","bundle_add_to_cart_form_location":"","bundle_editable_in_cart":false,"bundle_sold_individually_context":"","bundle_item_grouping":"","bundle_min_size":"","bundle_max_size":"","bundle_price":[],"bundled_items":[],"bundle_sell_ids":[],"_links":{"self":[{"href":"https:\/\/www.defibsolutions.fr\/boutique\/wp-json\/wp\/v2\/product\/2977","targetHints":{"allow":["GET"]}}],"collection":[{"href":"https:\/\/www.defibsolutions.fr\/boutique\/wp-json\/wp\/v2\/product"}],"about":[{"href":"https:\/\/www.defibsolutions.fr\/boutique\/wp-json\/wp\/v2\/types\/product"}],"wp:featuredmedia":[{"embeddable":true,"href":"https:\/\/www.defibsolutions.fr\/boutique\/wp-json\/wp\/v2\/media\/2978"}],"wp:attachment":[{"href":"https:\/\/www.defibsolutions.fr\/boutique\/wp-json\/wp\/v2\/media?parent=2977"}],"wp:term":[{"taxonomy":"product_brand","embeddable":true,"href":"https:\/\/www.defibsolutions.fr\/boutique\/wp-json\/wp\/v2\/product_brand?post=2977"},{"taxonomy":"product_cat","embeddable":true,"href":"https:\/\/www.defibsolutions.fr\/boutique\/wp-json\/wp\/v2\/product_cat?post=2977"},{"taxonomy":"product_tag","embeddable":true,"href":"https:\/\/www.defibsolutions.fr\/boutique\/wp-json\/wp\/v2\/product_tag?post=2977"}],"curies":[{"name":"wp","href":"https:\/\/api.w.org\/{rel}","templated":true}]}}