{"id":2967,"date":"2019-07-11T12:48:51","date_gmt":"2019-07-11T10:48:51","guid":{"rendered":"http:\/\/bhvvoordeelw.dded11d.satserver.nl\/product\/ambu-man-wireless-next-generation\/"},"modified":"2023-06-02T16:52:44","modified_gmt":"2023-06-02T14:52:44","slug":"ambu-man-wireless-next-generation-mannequin-de-formation","status":"publish","type":"product","link":"https:\/\/www.defibsolutions.fr\/boutique\/shop\/ambu-man-wireless-next-generation-mannequin-de-formation\/","title":{"rendered":"Mannequin Ambu Man Wireless Next Generation"},"content":{"rendered":"<p>Le Ambu Man Wireless est un mannequin tr\u00e8s r\u00e9aliste qui r\u00e9pond \u00e0 toutes les exigences de la formation BLS. Le mannequin Ambu Man a \u00e9t\u00e9 sp\u00e9cialement con\u00e7u pour la formation de base du personnel m\u00e9dical et pour les formations de premiers secours. Avec ses caract\u00e9ristiques anatomiques,\u00a0 le mannequin est id\u00e9al pour placer les \u00e9lectrodes avec un d\u00e9fibrillateur de formation.<\/p>\n<p>L&#8217;anatomie r\u00e9aliste du mannequin permet une d\u00e9termination du positionnement de la main pour effectuer les compressions thoraciques. Comme dans la vie r\u00e9elle, le mannequin Ambu Man ne peut \u00eatre ventil\u00e9 qu&#8217;avec une manoeuvre de bascule de la t\u00eate ou de soul\u00e8vement du menton. \u00a0L&#8217;indicateur de r\u00e9troaction permet de lire facilement si l&#8217;\u00e9l\u00e8ve ex\u00e9cute correctement la r\u00e9animation. Cet indicateur indique le volume de ventilation et la profondeur de compression thoracique en mm. De plus, si l&#8217;estomac est gonfl\u00e9 ou si la position des mains est incorrecte, un symbole d&#8217;avertissement appara\u00eet.<\/p>\n<p>Le Ambu Man Wireless est dot\u00e9 de la technologie, sans c\u00e2bles. Ce module vous permet de contr\u00f4ler le mannequin avec n&#8217;importe quel type de PC, tablette ou smartphone. Le Ambu Management Module est une interface centrale o\u00f9 toutes les donn\u00e9es et informations sont affich\u00e9es : profondeur de compression, position correcte des mains, volume de ventilation et insufflation.<\/p>\n<p>L&#8217;Ambu Man Wireless dispose \u00e9galement d&#8217;un module d&#8217;autoformation et d&#8217;un module d\u2019enseignement libre. Avec ce module, les formateurs d\u2019intervention d&#8217;urgence peuvent se former en\u00a0 individuellement ou pr\u00e9parer des examens pour les \u00e9tudiants.<\/p>\n<p>L&#8217;art\u00e8re carotide peut \u00eatre ressentie pendant la compression thoracique et peut \u00e9galement \u00eatre simul\u00e9 manuellement.<\/p>\n<p>Le Ambu Man peut toujours \u00eatre compl\u00e9t\u00e9 avec des bras et jambes !<\/p>\n<h4><span style=\"color: #008000;\"><b>Caract\u00e9ristiques <\/b><b>:<\/b><\/span><\/h4>\n<ul>\n<li>Design robuste<\/li>\n<li>Entra\u00eenement r\u00e9aliste de la compression thoracique<\/li>\n<li>Rigidit\u00e9 de la cage thoracique variable<\/li>\n<li>Ambu syst\u00e8me hygi\u00e9nique pour le bouche \u00e0 bouche<\/li>\n<li>Ouverture des voies respiratoires en position correcte de la t\u00eate<\/li>\n<li>Moniteur de r\u00e9troaction manuel (volume de ventilation, profondeur de compression, position des mains, gonflement de l&#8217;estomac)<\/li>\n<li>L\u2019art\u00e8re carotide peut \u00eatre ressentie pendant les compressions et peut \u00e9galement \u00eatre simul\u00e9e par impulsion manuelle<\/li>\n<li>Autonomie de la batterie de 10 heures<\/li>\n<li>La technologie la plus r\u00e9cente Ambu Wireless Technologie<\/li>\n<li>Ambu Management Module pour le contr\u00f4le, la documentation et la surveillance<\/li>\n<li>Module autoformation<\/li>\n<\/ul>\n<h4><span style=\"color: #008000;\"><strong>Contenu du colis :<\/strong><\/span><\/h4>\n<ul>\n<li>Le mannequin Ambu Man Instrument<\/li>\n<li>Technologie int\u00e9gr\u00e9e Ambu Wireless<\/li>\n<li>Ambu Mannequin Management Module<\/li>\n<li>5 peaux de visage<\/li>\n<li>100 sacs d\u2019insufflation<\/li>\n<li>Sac de transport \/ tapis d&#8217;exercice<\/li>\n<li>V\u00eatements<\/li>\n<\/ul>\n<h4><span style=\"color: #008000;\"><b>Sp\u00e9cifications :<\/b><\/span><\/h4>\n<ul>\n<li>Poids du torse avec sac: 12 kg<\/li>\n<li>Longueur du torse: 80 cm<\/li>\n<li>Longueur du corps entier: 175 cm<\/li>\n<\/ul>\n<p>&nbsp;<\/p>\n<p>&nbsp;<\/p>\n<p>&nbsp;<\/p>\n","protected":false},"excerpt":{"rendered":"<p>Ambu Man Wireless Next Generation<\/p>\n","protected":false},"featured_media":2968,"template":"","meta":[],"product_brand":[],"product_cat":[236,212,211],"product_tag":[216,217,218],"class_list":{"0":"post-2967","1":"product","2":"type-product","3":"status-publish","4":"has-post-thumbnail","6":"product_cat-ambu-man-w-mannequins","7":"product_cat-ambu-mannequins","8":"product_cat-mannequins-de-formation","9":"product_tag-ambu","10":"product_tag-ambu-reanimatiepop","11":"product_tag-next-generation","12":"pa_fabricant-ambu","14":"first","15":"instock","16":"taxable","17":"shipping-taxable","18":"purchasable","19":"product-type-simple"},"bundled_by":[],"bundle_stock_status":"instock","bundle_stock_quantity":null,"bundle_virtual":false,"bundle_layout":"","bundle_add_to_cart_form_location":"","bundle_editable_in_cart":false,"bundle_sold_individually_context":"","bundle_item_grouping":"","bundle_min_size":"","bundle_max_size":"","bundle_price":[],"bundled_items":[],"bundle_sell_ids":[],"_links":{"self":[{"href":"https:\/\/www.defibsolutions.fr\/boutique\/wp-json\/wp\/v2\/product\/2967","targetHints":{"allow":["GET"]}}],"collection":[{"href":"https:\/\/www.defibsolutions.fr\/boutique\/wp-json\/wp\/v2\/product"}],"about":[{"href":"https:\/\/www.defibsolutions.fr\/boutique\/wp-json\/wp\/v2\/types\/product"}],"wp:featuredmedia":[{"embeddable":true,"href":"https:\/\/www.defibsolutions.fr\/boutique\/wp-json\/wp\/v2\/media\/2968"}],"wp:attachment":[{"href":"https:\/\/www.defibsolutions.fr\/boutique\/wp-json\/wp\/v2\/media?parent=2967"}],"wp:term":[{"taxonomy":"product_brand","embeddable":true,"href":"https:\/\/www.defibsolutions.fr\/boutique\/wp-json\/wp\/v2\/product_brand?post=2967"},{"taxonomy":"product_cat","embeddable":true,"href":"https:\/\/www.defibsolutions.fr\/boutique\/wp-json\/wp\/v2\/product_cat?post=2967"},{"taxonomy":"product_tag","embeddable":true,"href":"https:\/\/www.defibsolutions.fr\/boutique\/wp-json\/wp\/v2\/product_tag?post=2967"}],"curies":[{"name":"wp","href":"https:\/\/api.w.org\/{rel}","templated":true}]}}