{"id":2930,"date":"2019-07-11T12:48:51","date_gmt":"2019-07-11T10:48:51","guid":{"rendered":"http:\/\/bhvvoordeelw.dded11d.satserver.nl\/product\/zoll-aed-3-trainer\/"},"modified":"2023-04-14T14:33:11","modified_gmt":"2023-04-14T12:33:11","slug":"zoll-aed3-defibrillateur-de-formation","status":"publish","type":"product","link":"https:\/\/www.defibsolutions.fr\/boutique\/shop\/zoll-aed3-defibrillateur-de-formation\/","title":{"rendered":"Zoll AED 3 D\u00e9fibrillateur de formation"},"content":{"rendered":"<p><img loading=\"lazy\" decoding=\"async\" src=\"https:\/\/cdn.webshopapp.com\/shops\/268922\/files\/261911555\/zoll-aed-3-trainer-banner.png\" alt=\"\" width=\"1240\" height=\"386\" \/><\/p>\n<p><span style=\"font-weight: 400;\">Le Zoll AED 3 trainer\u00a0 &#8211; le seul d\u00e9fibrillateur de formation avec une \u00e9valuation en temps r\u00e9el, tout comme le d\u00e9fibrillateur &#8216;clinique&#8217;. Avec bouton pour enfants. Il peut \u00eatre r\u00e9gl\u00e9 en version automatique ou semi-automatique.<\/span><span style=\"font-weight: 400;\"><br \/>\n<\/span><\/p>\n<p><span style=\"font-weight: 400;\">Le ZOLL AED 3 trainer\u00a0 se caract\u00e9rise par l&#8217;\u00e9valuation en temps r\u00e9el (Realtime Feedback), \u00e9galement inclus dans le DAE. Pendant la formation de d\u00e9fibrillateurs, le AED Trainer fournira \u00e9galement un feedback d\u2019information sur la fr\u00e9quence et l&#8217;intensit\u00e9 des compressions. De cette mani\u00e8re, les \u00e9tudiants peuvent faire connaissance avec la fonction du DAE clinique.<\/span><\/p>\n<p><span style=\"font-weight: 400;\">Dans les lignes directives du Conseil Europ\u00e9en de R\u00e9animation est \u00e9crit que pendant l\u2019utilisation d\u2019un d\u00e9fibrillateur, les dispositifs doivent \u00eatre utilis\u00e9s autant que possible. Les DAE de ZOLL disposent d&#8217;outils suppl\u00e9mentaires depuis les premi\u00e8res ann\u00e9es que le DAE est disponible. Maintenant, cette technique est \u00e9galement disponible dans la formation.<\/span><\/p>\n<p><span style=\"font-weight: 400;\">Au cours des sessions de formation, le d\u00e9fibrillateur de formation fournira des informations sur les actions de l&#8217;\u00e9tudiant. Le ZOLL AED 3 trainer indiquera par exemple: \u201cappuyez plus fort\u201d ou \u201cbonne compression\u201d. Ce sera \u00e0 la fois en texte audio et en texte \u00e9crit sur l&#8217;\u00e9cran en couleur.<\/span><\/p>\n<p><strong>Caract\u00e9ristiques :\u00a0<\/strong><\/p>\n<ul>\n<li><span style=\"font-weight: 400;\">Divers protocoles de formation<\/span><\/li>\n<li>Semi-automatique et automatique<\/li>\n<li>Toutes les instructions en audio et en texte sur l&#8217;\u00e9cran<\/li>\n<li>Contr\u00f4le du volume<\/li>\n<\/ul>\n<p><strong>Contenu du colis :<\/strong><\/p>\n<ul>\n<li><span style=\"font-weight: 400;\">ZOLL AED 3 trainer<\/span><\/li>\n<li>ZOLL AED 3 training Uni-Padz \u00e9lectrodes (au moins 50 fois r\u00e9utilisable)<\/li>\n<li>4 D cell batteries<\/li>\n<li>Manuel<\/li>\n<\/ul>\n<p><strong>Sp\u00e9cifications :<\/strong><\/p>\n<p><span style=\"font-weight: 400;\">Dimensions: 12,7 x 23,6 x 24,7 cm<br \/>\n<\/span><span style=\"font-weight: 400;\">Poids: 1,8 kg avec batteries<br \/>\n<\/span><span style=\"font-weight: 400;\">Alimentation: 4 batteries D (bon pour plus de 16 heures de formation)<br \/>\n<\/span><\/p>\n","protected":false},"excerpt":{"rendered":"<p><span style=\"font-weight: 400;\">Le Zoll AED 3 trainer\u00a0 &#8211; <\/span>Dans les param\u00e8tres de l\u2019 appareil, vous pouvez choisir les \u00e9tapes correspondant \u00e0 la version ERC ou AHA.<\/p>\n","protected":false},"featured_media":2931,"template":"","meta":[],"product_brand":[],"product_cat":[75,76],"product_tag":[],"class_list":{"0":"post-2930","1":"product","2":"type-product","3":"status-publish","4":"has-post-thumbnail","6":"product_cat-aed-trainers","7":"product_cat-zoll-aed-trainers","8":"pa_fabricant-zoll","10":"first","11":"instock","12":"taxable","13":"shipping-taxable","14":"purchasable","15":"product-type-simple"},"bundled_by":[],"bundle_stock_status":"instock","bundle_stock_quantity":null,"bundle_virtual":false,"bundle_layout":"","bundle_add_to_cart_form_location":"","bundle_editable_in_cart":false,"bundle_sold_individually_context":"","bundle_item_grouping":"","bundle_min_size":"","bundle_max_size":"","bundle_price":[],"bundled_items":[],"bundle_sell_ids":[],"_links":{"self":[{"href":"https:\/\/www.defibsolutions.fr\/boutique\/wp-json\/wp\/v2\/product\/2930","targetHints":{"allow":["GET"]}}],"collection":[{"href":"https:\/\/www.defibsolutions.fr\/boutique\/wp-json\/wp\/v2\/product"}],"about":[{"href":"https:\/\/www.defibsolutions.fr\/boutique\/wp-json\/wp\/v2\/types\/product"}],"wp:featuredmedia":[{"embeddable":true,"href":"https:\/\/www.defibsolutions.fr\/boutique\/wp-json\/wp\/v2\/media\/2931"}],"wp:attachment":[{"href":"https:\/\/www.defibsolutions.fr\/boutique\/wp-json\/wp\/v2\/media?parent=2930"}],"wp:term":[{"taxonomy":"product_brand","embeddable":true,"href":"https:\/\/www.defibsolutions.fr\/boutique\/wp-json\/wp\/v2\/product_brand?post=2930"},{"taxonomy":"product_cat","embeddable":true,"href":"https:\/\/www.defibsolutions.fr\/boutique\/wp-json\/wp\/v2\/product_cat?post=2930"},{"taxonomy":"product_tag","embeddable":true,"href":"https:\/\/www.defibsolutions.fr\/boutique\/wp-json\/wp\/v2\/product_tag?post=2930"}],"curies":[{"name":"wp","href":"https:\/\/api.w.org\/{rel}","templated":true}]}}