{"id":2927,"date":"2019-07-11T12:48:51","date_gmt":"2019-07-11T10:48:51","guid":{"rendered":"http:\/\/bhvvoordeelw.dded11d.satserver.nl\/product\/aed-safeset-groen\/"},"modified":"2023-05-16T09:37:02","modified_gmt":"2023-05-16T07:37:02","slug":"trousse-dae-premiers-secours","status":"publish","type":"product","link":"https:\/\/www.defibsolutions.fr\/boutique\/shop\/trousse-dae-premiers-secours\/","title":{"rendered":"Trousse DAE de premiers secours"},"content":{"rendered":"<p>Une trousse DAE est indispensable pour l\u2019utilisation\u00a0 d\u2019un DAE.<\/p>\n<p>Le contenu de cette trousse de premiers secours vous permet en toute s\u00e9curit\u00e9 de pouvoir poser les \u00e9lectrodes du d\u00e9fibrillateur sur la poitrine de la victime, pour\u00a0r\u00e9aliser une bonne RCP (r\u00e9animation cardiopulmonaire).<\/p>\n<p><strong>Contenu de la trousse :\u00a0<\/strong><\/p>\n<p>&#8211;<strong>1 paire de ciseaux<\/strong> bouts ronds Lister de 15 cm<br \/>\npour assurer avec efficacit\u00e9 la d\u00e9coupe des v\u00eatements les plus r\u00e9sistants.<\/p>\n<p>&#8211;<strong>1 paire de gants<\/strong> \u00e0 usage unique<br \/>\npour permettre au sauveteur de pouvoir se prot\u00e9ger contre d&#8217;\u00e9ventuelles contaminations li\u00e9es \u00e0 des blessures cons\u00e9cutives ou non \u00e0 l\u2019accident cardio-respiratoire de la victime. Afin d&#8217;\u00e9carter tout risque de r\u00e9action allergique de la part du sauveteur ces gants sont sans latex.<\/p>\n<p>&#8211;<strong>1 masque de poche<\/strong> avec valve anti-retour<br \/>\npour permettre aux personnes form\u00e9es aux gestes d&#8217;urgences de pouvoir pratiquer\u00a0un\u00a0bouche-\u00e0-bouche prot\u00e9g\u00e9 (protection du sauveteur face aux expositions de sang et autres liquides biologiques de la victime), en compl\u00e9ment des compressions thoraciques r\u00e9alis\u00e9es.<\/p>\n<p>&#8211;<strong>1 rasoir<\/strong> jetable double lame<br \/>\npour assurer la meilleure adh\u00e9rence possible des \u00e9lectrodes sur la poitrine des victimes pr\u00e9sentant une pilosit\u00e9 importante.<\/p>\n<p>&#8211;<strong>1 grande serviette<\/strong> en papier absorbante<br \/>\npour essuyer le torse d\u2019une victime mouill\u00e9e et permettre ainsi une bonne adh\u00e9rence des \u00e9lectrodes \u00e0 la peau, ou pour retirer les poils ras\u00e9s d\u2019une victime.<\/p>\n<p>-1 sachet avec <strong>2 lingettes st\u00e9riles<\/strong>\u00a0impr\u00e9gn\u00e9es d&#8217;alcool<br \/>\npour d\u00e9sinfecter les mains du sauveteur ou les plaies potentielles de la victime.<\/p>\n<p>&nbsp;<\/p>\n<p>Nous vous conseillons d\u2019attacher cette trousse au d\u00e9fibrillateur ou de l&#8217;ajouter dans le sac de transport. Ainsi, vous avez toujours la trousse de secours lorsque vous utilisez le d\u00e9fibrillateur.<br \/>\nVous vous assurez que la poitrine est rapidement expos\u00e9e, les poils ras\u00e9s et la peau s\u00e8che. Vous travaillez en toute s\u00e9curit\u00e9 avec des gants et un masque hygi\u00e9nique.<\/p>\n<p>Apr\u00e8s 5 ans, remplacez la trousse DAE par une nouvelle.<\/p>\n","protected":false},"excerpt":{"rendered":"<p>Une trousse DAE est indispensable pour l\u2019utilisation d\u2019un d\u00e9fibrillateur.<\/p>\n","protected":false},"featured_media":6984,"template":"","meta":[],"product_brand":[],"product_cat":[80,79,89,42,86,202,108,106,107,66,87,68,102,103,104,83,73],"product_tag":[],"class_list":{"0":"post-2927","1":"product","2":"type-product","3":"status-publish","4":"has-post-thumbnail","6":"product_cat-zoll-aed-3-accessoires","7":"product_cat-zoll-aed-plus-accessoires","8":"product_cat-accessoires-universels","9":"product_cat-accessories","10":"product_cat-cr-plus-accessoires","11":"product_cat-defibtech-view-accessoires","12":"product_cat-heartstart-fr3-accessoires","13":"product_cat-heartstart-frx-accessoires","14":"product_cat-heartstart-hs1-accessoires","15":"product_cat-lifeline-aed-accessoires","16":"product_cat-lifepak-1000-accessoires","17":"product_cat-physio-control","18":"product_cat-powerheart-g3-accessoires","19":"product_cat-powerheart-g5-accessoires","20":"product_cat-samaritan-aed-accessoires","21":"product_cat-view-accessoires","22":"product_cat-zoll-aed-pro-accessoires","23":"pa_fabricant-ilcor","25":"first","26":"instock","27":"taxable","28":"shipping-taxable","29":"purchasable","30":"product-type-simple"},"bundled_by":[],"bundle_stock_status":"instock","bundle_stock_quantity":null,"bundle_virtual":false,"bundle_layout":"","bundle_add_to_cart_form_location":"","bundle_editable_in_cart":false,"bundle_sold_individually_context":"","bundle_item_grouping":"","bundle_min_size":"","bundle_max_size":"","bundle_price":[],"bundled_items":[],"bundle_sell_ids":[],"_links":{"self":[{"href":"https:\/\/www.defibsolutions.fr\/boutique\/wp-json\/wp\/v2\/product\/2927","targetHints":{"allow":["GET"]}}],"collection":[{"href":"https:\/\/www.defibsolutions.fr\/boutique\/wp-json\/wp\/v2\/product"}],"about":[{"href":"https:\/\/www.defibsolutions.fr\/boutique\/wp-json\/wp\/v2\/types\/product"}],"wp:featuredmedia":[{"embeddable":true,"href":"https:\/\/www.defibsolutions.fr\/boutique\/wp-json\/wp\/v2\/media\/6984"}],"wp:attachment":[{"href":"https:\/\/www.defibsolutions.fr\/boutique\/wp-json\/wp\/v2\/media?parent=2927"}],"wp:term":[{"taxonomy":"product_brand","embeddable":true,"href":"https:\/\/www.defibsolutions.fr\/boutique\/wp-json\/wp\/v2\/product_brand?post=2927"},{"taxonomy":"product_cat","embeddable":true,"href":"https:\/\/www.defibsolutions.fr\/boutique\/wp-json\/wp\/v2\/product_cat?post=2927"},{"taxonomy":"product_tag","embeddable":true,"href":"https:\/\/www.defibsolutions.fr\/boutique\/wp-json\/wp\/v2\/product_tag?post=2927"}],"curies":[{"name":"wp","href":"https:\/\/api.w.org\/{rel}","templated":true}]}}