{"id":2925,"date":"2019-07-11T12:48:51","date_gmt":"2019-07-11T10:48:51","guid":{"rendered":"http:\/\/bhvvoordeelw.dded11d.satserver.nl\/product\/philips-heartstart-fr3-kindersleutel\/"},"modified":"2025-03-14T08:46:05","modified_gmt":"2025-03-14T06:46:05","slug":"philips-heartstart-fr3-cle-pediatrique","status":"publish","type":"product","link":"https:\/\/www.defibsolutions.fr\/boutique\/shop\/philips-heartstart-fr3-cle-pediatrique\/","title":{"rendered":"Philips Heartstart FR3 cl\u00e9 p\u00e9diatrique"},"content":{"rendered":"<p>En pla\u00e7ant la cl\u00e9 p\u00e9diatrique, vous pouvez commencer la r\u00e9animation d\u2019un enfant avec les \u00e9lectrodes adultes. <span style=\"font-weight: 400;\">Il n&#8217;est pas n\u00e9cessaire de changer les \u00e9lectrodes. <\/span>Le d\u00e9fibrillateur adapte le protocole de r\u00e9animation et l\u2019intensit\u00e9 du choc.<\/p>\n<p><b>Caract\u00e9ristiques:<\/b><\/p>\n<ul>\n<li>R\u00e9utilisable<\/li>\n<li>Dur\u00e9e de vie ne s\u2019applique pas<\/li>\n<li>Stocker dans le compartiment \u00e0 cl\u00e9s dans le sac de transport<\/li>\n<\/ul>\n","protected":false},"excerpt":{"rendered":"<p>Philips Heartstart FR3 cl\u00e9 p\u00e9diatrique<\/p>\n","protected":false},"featured_media":2926,"template":"","meta":[],"product_brand":[],"product_cat":[263,108,105],"product_tag":[],"class_list":{"0":"post-2925","1":"product","2":"type-product","3":"status-publish","4":"has-post-thumbnail","6":"product_cat-accessoires-dae","7":"product_cat-heartstart-fr3-accessoires","8":"product_cat-philips","9":"pa_fabricant-philips","11":"first","12":"instock","13":"taxable","14":"shipping-taxable","15":"purchasable","16":"product-type-simple"},"bundled_by":[],"bundle_stock_status":"instock","bundle_stock_quantity":null,"bundle_virtual":false,"bundle_layout":"","bundle_add_to_cart_form_location":"","bundle_editable_in_cart":false,"bundle_sold_individually_context":"","bundle_item_grouping":"","bundle_min_size":"","bundle_max_size":"","bundle_price":[],"bundled_items":[],"bundle_sell_ids":[],"_links":{"self":[{"href":"https:\/\/www.defibsolutions.fr\/boutique\/wp-json\/wp\/v2\/product\/2925","targetHints":{"allow":["GET"]}}],"collection":[{"href":"https:\/\/www.defibsolutions.fr\/boutique\/wp-json\/wp\/v2\/product"}],"about":[{"href":"https:\/\/www.defibsolutions.fr\/boutique\/wp-json\/wp\/v2\/types\/product"}],"wp:featuredmedia":[{"embeddable":true,"href":"https:\/\/www.defibsolutions.fr\/boutique\/wp-json\/wp\/v2\/media\/2926"}],"wp:attachment":[{"href":"https:\/\/www.defibsolutions.fr\/boutique\/wp-json\/wp\/v2\/media?parent=2925"}],"wp:term":[{"taxonomy":"product_brand","embeddable":true,"href":"https:\/\/www.defibsolutions.fr\/boutique\/wp-json\/wp\/v2\/product_brand?post=2925"},{"taxonomy":"product_cat","embeddable":true,"href":"https:\/\/www.defibsolutions.fr\/boutique\/wp-json\/wp\/v2\/product_cat?post=2925"},{"taxonomy":"product_tag","embeddable":true,"href":"https:\/\/www.defibsolutions.fr\/boutique\/wp-json\/wp\/v2\/product_tag?post=2925"}],"curies":[{"name":"wp","href":"https:\/\/api.w.org\/{rel}","templated":true}]}}