{"id":2921,"date":"2019-07-11T12:48:47","date_gmt":"2019-07-11T10:48:47","guid":{"rendered":"http:\/\/bhvvoordeelw.dded11d.satserver.nl\/product\/philips-heartstart-fr3-elektroden\/"},"modified":"2025-03-14T08:46:05","modified_gmt":"2025-03-14T06:46:05","slug":"philips-heartstart-fr3-elektrodes-smart-pads","status":"publish","type":"product","link":"https:\/\/www.defibsolutions.fr\/boutique\/shop\/philips-heartstart-fr3-elektrodes-smart-pads\/","title":{"rendered":"Philips HeartStart FR3 \u00e9lectrodes Smart Pads III"},"content":{"rendered":"<h2><span style=\"font-weight: 400;\">Philips HeartStart FR3 \u00e9lectrodes | Smart Pads III<\/span><\/h2>\n<p><span style=\"font-weight: 400;\">Electrodes pour le d\u00e9fibrillateur Philips HeartStart FR3.<br \/>\nEn utilisant la cl\u00e9 p\u00e9diatrique, les \u00e9lectrodes peuvent \u00e9galement \u00eatre utilis\u00e9es pour la r\u00e9animation des enfants. Le d\u00e9fibrillateur adapte le protocole de r\u00e9animation et l\u2019intensit\u00e9 du choc.\u00a0<\/span><\/p>\n<p><span style=\"font-weight: 400;\">La dur\u00e9e de vie des \u00e9lectrodes est de 1,5 \u00e0 2 ans. <\/span><\/p>\n","protected":false},"excerpt":{"rendered":"<p><span style=\"font-weight: 400;\">Philips HeartStart FR3 \u00e9lectrodes Smart Pads III<\/span><\/p>\n","protected":false},"featured_media":2922,"template":"","meta":[],"product_brand":[],"product_cat":[263,320,108,105],"product_tag":[],"class_list":{"0":"post-2921","1":"product","2":"type-product","3":"status-publish","4":"has-post-thumbnail","6":"product_cat-accessoires-dae","7":"product_cat-grille-tarifaire","8":"product_cat-heartstart-fr3-accessoires","9":"product_cat-philips","10":"pa_fabricant-philips","12":"first","13":"instock","14":"taxable","15":"shipping-taxable","16":"purchasable","17":"product-type-simple"},"bundled_by":[],"bundle_stock_status":"instock","bundle_stock_quantity":null,"bundle_virtual":false,"bundle_layout":"","bundle_add_to_cart_form_location":"","bundle_editable_in_cart":false,"bundle_sold_individually_context":"","bundle_item_grouping":"","bundle_min_size":"","bundle_max_size":"","bundle_price":[],"bundled_items":[],"bundle_sell_ids":[],"_links":{"self":[{"href":"https:\/\/www.defibsolutions.fr\/boutique\/wp-json\/wp\/v2\/product\/2921","targetHints":{"allow":["GET"]}}],"collection":[{"href":"https:\/\/www.defibsolutions.fr\/boutique\/wp-json\/wp\/v2\/product"}],"about":[{"href":"https:\/\/www.defibsolutions.fr\/boutique\/wp-json\/wp\/v2\/types\/product"}],"wp:featuredmedia":[{"embeddable":true,"href":"https:\/\/www.defibsolutions.fr\/boutique\/wp-json\/wp\/v2\/media\/2922"}],"wp:attachment":[{"href":"https:\/\/www.defibsolutions.fr\/boutique\/wp-json\/wp\/v2\/media?parent=2921"}],"wp:term":[{"taxonomy":"product_brand","embeddable":true,"href":"https:\/\/www.defibsolutions.fr\/boutique\/wp-json\/wp\/v2\/product_brand?post=2921"},{"taxonomy":"product_cat","embeddable":true,"href":"https:\/\/www.defibsolutions.fr\/boutique\/wp-json\/wp\/v2\/product_cat?post=2921"},{"taxonomy":"product_tag","embeddable":true,"href":"https:\/\/www.defibsolutions.fr\/boutique\/wp-json\/wp\/v2\/product_tag?post=2921"}],"curies":[{"name":"wp","href":"https:\/\/api.w.org\/{rel}","templated":true}]}}