{"id":2919,"date":"2019-07-11T12:48:47","date_gmt":"2019-07-11T10:48:47","guid":{"rendered":"http:\/\/bhvvoordeelw.dded11d.satserver.nl\/product\/philips-heartstart-frx-baby-kindsleutel\/"},"modified":"2025-09-05T13:58:44","modified_gmt":"2025-09-05T11:58:44","slug":"philips-heartstart-frx-cle-pediatrique","status":"publish","type":"product","link":"https:\/\/www.defibsolutions.fr\/boutique\/shop\/philips-heartstart-frx-cle-pediatrique\/","title":{"rendered":"Philips Heartstart FRx cl\u00e9 p\u00e9diatrique"},"content":{"rendered":"<h2>Philips Heartstart FRX cl\u00e9 p\u00e9diatrique<\/h2>\n<p><span style=\"font-weight: 400;\">Philips a con\u00e7u une cl\u00e9 p\u00e9diatrique (enfant \/ nourrisson) pour le d\u00e9fibrillateur Philips Heartstart FRx afin que vous n&#8217;ayez plus besoin d&#8217;\u00e9lectrodes p\u00e9diatriques.<br \/>\nEn pla\u00e7ant cette cl\u00e9 dans le DAE, vous pouvez commencer la r\u00e9animation d&#8217;un enfant avec les \u00e9lectrodes adultes. Le d\u00e9fibrillateur adapte le protocole de r\u00e9animation et l&#8217;intensit\u00e9 du choc.\u00a0<\/span><\/p>\n<p><b>Caract\u00e9ristiques:<\/b><\/p>\n<ul>\n<li style=\"font-weight: 400;\"><span style=\"font-weight: 400;\">R\u00e9utilisable<\/span><\/li>\n<li style=\"font-weight: 400;\"><span style=\"font-weight: 400;\">Dur\u00e9e de vie ne s&#8217;applique pas\u00a0<\/span><\/li>\n<li style=\"font-weight: 400;\"><span style=\"font-weight: 400;\">Stocker dans le compartiment \u00e0 cl\u00e9s dans le sac de transport<\/span><\/li>\n<\/ul>\n","protected":false},"excerpt":{"rendered":"<p>Philips Heartstart FRX cl\u00e9 p\u00e9diatrique<\/p>\n","protected":false},"featured_media":4278,"template":"","meta":[],"product_brand":[],"product_cat":[263,106,105],"product_tag":[],"class_list":{"0":"post-2919","1":"product","2":"type-product","3":"status-publish","4":"has-post-thumbnail","6":"product_cat-accessoires-dae","7":"product_cat-heartstart-frx-accessoires","8":"product_cat-philips","9":"pa_fabricant-philips","11":"first","12":"instock","13":"taxable","14":"shipping-taxable","15":"purchasable","16":"product-type-simple"},"bundled_by":[],"bundle_stock_status":"instock","bundle_stock_quantity":null,"bundle_virtual":false,"bundle_layout":"","bundle_add_to_cart_form_location":"","bundle_editable_in_cart":false,"bundle_sold_individually_context":"","bundle_item_grouping":"","bundle_min_size":"","bundle_max_size":"","bundle_price":[],"bundled_items":[],"bundle_sell_ids":[],"_links":{"self":[{"href":"https:\/\/www.defibsolutions.fr\/boutique\/wp-json\/wp\/v2\/product\/2919","targetHints":{"allow":["GET"]}}],"collection":[{"href":"https:\/\/www.defibsolutions.fr\/boutique\/wp-json\/wp\/v2\/product"}],"about":[{"href":"https:\/\/www.defibsolutions.fr\/boutique\/wp-json\/wp\/v2\/types\/product"}],"wp:featuredmedia":[{"embeddable":true,"href":"https:\/\/www.defibsolutions.fr\/boutique\/wp-json\/wp\/v2\/media\/4278"}],"wp:attachment":[{"href":"https:\/\/www.defibsolutions.fr\/boutique\/wp-json\/wp\/v2\/media?parent=2919"}],"wp:term":[{"taxonomy":"product_brand","embeddable":true,"href":"https:\/\/www.defibsolutions.fr\/boutique\/wp-json\/wp\/v2\/product_brand?post=2919"},{"taxonomy":"product_cat","embeddable":true,"href":"https:\/\/www.defibsolutions.fr\/boutique\/wp-json\/wp\/v2\/product_cat?post=2919"},{"taxonomy":"product_tag","embeddable":true,"href":"https:\/\/www.defibsolutions.fr\/boutique\/wp-json\/wp\/v2\/product_tag?post=2919"}],"curies":[{"name":"wp","href":"https:\/\/api.w.org\/{rel}","templated":true}]}}