{"id":2914,"date":"2019-07-11T12:48:47","date_gmt":"2019-07-11T10:48:47","guid":{"rendered":"http:\/\/bhvvoordeelw.dded11d.satserver.nl\/product\/philips-heartstart-frx-elektroden\/"},"modified":"2026-03-23T12:22:35","modified_gmt":"2026-03-23T10:22:35","slug":"philips-heartstart-frx-elektrodes-smart-pads","status":"publish","type":"product","link":"https:\/\/www.defibsolutions.fr\/boutique\/shop\/philips-heartstart-frx-elektrodes-smart-pads\/","title":{"rendered":"Philips Heartstart FRx \u00e9lectrodes Smart pads"},"content":{"rendered":"<h2>Philips Heartstart FRx \u00e9lectrodes Smart pads<\/h2>\n<p><span style=\"font-weight: 400;\">Une paire d&#8217;\u00e9lectrodes pour le d\u00e9fibrillateur Philips Heartstart FRx.<br \/>\n<\/span>Ces \u00e9lectrodes adultes, en combinaison avec la cl\u00e9 p\u00e9diatrique, peuvent \u00e9galement \u00eatre utilis\u00e9es pour la r\u00e9animation p\u00e9diatrique.<\/p>\n<p><span style=\"font-weight: 400;\">Dur\u00e9e de vie:\u00a0 2 ans.<\/span><\/p>\n","protected":false},"excerpt":{"rendered":"<p>Philips Heartstart FRx \u00e9lectrodes Smart pads<\/p>\n","protected":false},"featured_media":2915,"template":"","meta":[],"product_brand":[],"product_cat":[263,320,106,105],"product_tag":[],"class_list":{"0":"post-2914","1":"product","2":"type-product","3":"status-publish","4":"has-post-thumbnail","6":"product_cat-accessoires-dae","7":"product_cat-grille-tarifaire","8":"product_cat-heartstart-frx-accessoires","9":"product_cat-philips","10":"pa_fabricant-philips","12":"first","13":"instock","14":"taxable","15":"shipping-taxable","16":"purchasable","17":"product-type-simple"},"bundled_by":[],"bundle_stock_status":"instock","bundle_stock_quantity":null,"bundle_virtual":false,"bundle_layout":"","bundle_add_to_cart_form_location":"","bundle_editable_in_cart":false,"bundle_sold_individually_context":"","bundle_item_grouping":"","bundle_min_size":"","bundle_max_size":"","bundle_price":[],"bundled_items":[],"bundle_sell_ids":[],"_links":{"self":[{"href":"https:\/\/www.defibsolutions.fr\/boutique\/wp-json\/wp\/v2\/product\/2914","targetHints":{"allow":["GET"]}}],"collection":[{"href":"https:\/\/www.defibsolutions.fr\/boutique\/wp-json\/wp\/v2\/product"}],"about":[{"href":"https:\/\/www.defibsolutions.fr\/boutique\/wp-json\/wp\/v2\/types\/product"}],"wp:featuredmedia":[{"embeddable":true,"href":"https:\/\/www.defibsolutions.fr\/boutique\/wp-json\/wp\/v2\/media\/2915"}],"wp:attachment":[{"href":"https:\/\/www.defibsolutions.fr\/boutique\/wp-json\/wp\/v2\/media?parent=2914"}],"wp:term":[{"taxonomy":"product_brand","embeddable":true,"href":"https:\/\/www.defibsolutions.fr\/boutique\/wp-json\/wp\/v2\/product_brand?post=2914"},{"taxonomy":"product_cat","embeddable":true,"href":"https:\/\/www.defibsolutions.fr\/boutique\/wp-json\/wp\/v2\/product_cat?post=2914"},{"taxonomy":"product_tag","embeddable":true,"href":"https:\/\/www.defibsolutions.fr\/boutique\/wp-json\/wp\/v2\/product_tag?post=2914"}],"curies":[{"name":"wp","href":"https:\/\/api.w.org\/{rel}","templated":true}]}}