{"id":2905,"date":"2019-07-11T12:48:47","date_gmt":"2019-07-11T10:48:47","guid":{"rendered":"http:\/\/bhvvoordeelw.dded11d.satserver.nl\/product\/heartsine-pad-pak-kinderen\/"},"modified":"2025-12-05T08:50:43","modified_gmt":"2025-12-05T06:50:43","slug":"heartsine-pad-pak-enfants","status":"publish","type":"product","link":"https:\/\/www.defibsolutions.fr\/boutique\/shop\/heartsine-pad-pak-enfants\/","title":{"rendered":"Heartsine Pad-pak enfants"},"content":{"rendered":"<h2>Batterie et \u00e9lectrodes (2 en 1) \u2013 Pad Pak pour enfants<\/h2>\n<p><span style=\"font-weight: 400;\">Le HeartSine Samaritan Pad-Pak p\u00e9diatrique contient la batterie du d\u00e9fibrillateur et les \u00e9lectrodes p\u00e9diatriques. Ceci convient pour les<\/span> d\u00e9fibrillateurs <span style=\"font-weight: 400;\">HeartSine Samaritan PAD 350P, 360P en 500P. Le Pad-Pak a une dur\u00e9e de vie de 4 ans. Remplacez le Pad-Pak \u00e0 temps pour que le DAE fonctionne correctement en cas d&#8217;urgence.<br \/>\n<\/span><span style=\"font-weight: 400;\">D\u00e8s que le\u00a0 DAE a \u00e9t\u00e9 utilis\u00e9, vous devez remplacer le Pad-Pak<\/span><\/p>\n<p>Le Pad-Pak est disponible en deux mod\u00e8les: le Pad-pak pour adultes \/ le Pad-pak pour enfants. Le Pad-Pak p\u00e9diatrique est utilis\u00e9 pour les enfants de 1 \u00e0 8 ans ou de moins de 25 kg.<\/p>\n","protected":false},"excerpt":{"rendered":"<p>Heartsine Pad-pak P\u00e9diatrique pour les d\u00e9fibrillateurs HeartSine 350P, 360P et 500P.<\/p>\n","protected":false},"featured_media":2906,"template":"","meta":[],"product_brand":[],"product_cat":[263,320,70,104],"product_tag":[],"class_list":{"0":"post-2905","1":"product","2":"type-product","3":"status-publish","4":"has-post-thumbnail","6":"product_cat-accessoires-dae","7":"product_cat-grille-tarifaire","8":"product_cat-heartsine","9":"product_cat-samaritan-aed-accessoires","10":"pa_fabricant-heartsine","12":"first","13":"instock","14":"taxable","15":"shipping-taxable","16":"purchasable","17":"product-type-simple"},"bundled_by":[],"bundle_stock_status":"instock","bundle_stock_quantity":null,"bundle_virtual":false,"bundle_layout":"","bundle_add_to_cart_form_location":"","bundle_editable_in_cart":false,"bundle_sold_individually_context":"","bundle_item_grouping":"","bundle_min_size":"","bundle_max_size":"","bundle_price":[],"bundled_items":[],"bundle_sell_ids":[],"_links":{"self":[{"href":"https:\/\/www.defibsolutions.fr\/boutique\/wp-json\/wp\/v2\/product\/2905","targetHints":{"allow":["GET"]}}],"collection":[{"href":"https:\/\/www.defibsolutions.fr\/boutique\/wp-json\/wp\/v2\/product"}],"about":[{"href":"https:\/\/www.defibsolutions.fr\/boutique\/wp-json\/wp\/v2\/types\/product"}],"wp:featuredmedia":[{"embeddable":true,"href":"https:\/\/www.defibsolutions.fr\/boutique\/wp-json\/wp\/v2\/media\/2906"}],"wp:attachment":[{"href":"https:\/\/www.defibsolutions.fr\/boutique\/wp-json\/wp\/v2\/media?parent=2905"}],"wp:term":[{"taxonomy":"product_brand","embeddable":true,"href":"https:\/\/www.defibsolutions.fr\/boutique\/wp-json\/wp\/v2\/product_brand?post=2905"},{"taxonomy":"product_cat","embeddable":true,"href":"https:\/\/www.defibsolutions.fr\/boutique\/wp-json\/wp\/v2\/product_cat?post=2905"},{"taxonomy":"product_tag","embeddable":true,"href":"https:\/\/www.defibsolutions.fr\/boutique\/wp-json\/wp\/v2\/product_tag?post=2905"}],"curies":[{"name":"wp","href":"https:\/\/api.w.org\/{rel}","templated":true}]}}