{"id":2900,"date":"2019-07-11T12:48:47","date_gmt":"2019-07-11T10:48:47","guid":{"rendered":"http:\/\/bhvvoordeelw.dded11d.satserver.nl\/product\/cardiac-science-powerheart-g5-batterij\/"},"modified":"2025-03-14T08:46:03","modified_gmt":"2025-03-14T06:46:03","slug":"cardiac-science-powerheart-g5-batterie","status":"publish","type":"product","link":"https:\/\/www.defibsolutions.fr\/boutique\/shop\/cardiac-science-powerheart-g5-batterie\/","title":{"rendered":"Cardiac Science Powerheart G5 batterie"},"content":{"rendered":"<p><strong>Cardiac science powerheart G5 batterie<br \/>\n<\/strong><span style=\"font-weight: 400;\">Si l&#8217;indicateur d&#8217;\u00e9tat du d\u00e9fibrillateur est rouge, cela signifie que vous devez remplacer la batterie car l&#8217;ancienne batterie est presque vide.\u00a0<\/span><\/p>\n<p><span style=\"font-weight: 400;\">Vous pouvez remplacer la batterie \u00e0 l\u2019arri\u00e8re du DAE. Le d\u00e9fibrillateur effectuera automatiquement un autotest et l&#8217;indicateur de l&#8217;\u00e9tat deviendra vert. Assurez-vous de pousser la batterie jusqu&#8217;\u00e0 ce que vous entendez un clic.<\/span><\/p>\n<p><b>Dur\u00e9e de vie<\/b><span style=\"font-weight: 400;\">: 4 ans<br \/>\n<\/span><b>Garantie<\/b><span style=\"font-weight: 400;\">: 4 ans<\/span><\/p>\n","protected":false},"excerpt":{"rendered":"<p><span style=\"font-weight: 400;\">Batterie pour le d\u00e9fibrillateur Cardiac science powerheart G5 <\/span><\/p>\n","protected":false},"featured_media":2901,"template":"","meta":[],"product_brand":[],"product_cat":[263,101,320,103],"product_tag":[],"class_list":{"0":"post-2900","1":"product","2":"type-product","3":"status-publish","4":"has-post-thumbnail","6":"product_cat-accessoires-dae","7":"product_cat-cardiac-science-aeds-defibrillator","8":"product_cat-grille-tarifaire","9":"product_cat-powerheart-g5-accessoires","10":"pa_fabricant-cardiac-science","12":"first","13":"instock","14":"taxable","15":"shipping-taxable","16":"purchasable","17":"product-type-simple"},"bundled_by":[],"bundle_stock_status":"instock","bundle_stock_quantity":null,"bundle_virtual":false,"bundle_layout":"","bundle_add_to_cart_form_location":"","bundle_editable_in_cart":false,"bundle_sold_individually_context":"","bundle_item_grouping":"","bundle_min_size":"","bundle_max_size":"","bundle_price":[],"bundled_items":[],"bundle_sell_ids":[],"_links":{"self":[{"href":"https:\/\/www.defibsolutions.fr\/boutique\/wp-json\/wp\/v2\/product\/2900","targetHints":{"allow":["GET"]}}],"collection":[{"href":"https:\/\/www.defibsolutions.fr\/boutique\/wp-json\/wp\/v2\/product"}],"about":[{"href":"https:\/\/www.defibsolutions.fr\/boutique\/wp-json\/wp\/v2\/types\/product"}],"wp:featuredmedia":[{"embeddable":true,"href":"https:\/\/www.defibsolutions.fr\/boutique\/wp-json\/wp\/v2\/media\/2901"}],"wp:attachment":[{"href":"https:\/\/www.defibsolutions.fr\/boutique\/wp-json\/wp\/v2\/media?parent=2900"}],"wp:term":[{"taxonomy":"product_brand","embeddable":true,"href":"https:\/\/www.defibsolutions.fr\/boutique\/wp-json\/wp\/v2\/product_brand?post=2900"},{"taxonomy":"product_cat","embeddable":true,"href":"https:\/\/www.defibsolutions.fr\/boutique\/wp-json\/wp\/v2\/product_cat?post=2900"},{"taxonomy":"product_tag","embeddable":true,"href":"https:\/\/www.defibsolutions.fr\/boutique\/wp-json\/wp\/v2\/product_tag?post=2900"}],"curies":[{"name":"wp","href":"https:\/\/api.w.org\/{rel}","templated":true}]}}