{"id":2898,"date":"2019-07-11T12:48:47","date_gmt":"2019-07-11T10:48:47","guid":{"rendered":"http:\/\/bhvvoordeelw.dded11d.satserver.nl\/product\/cardiac-science-powerheart-g5-cprd-elektroden\/"},"modified":"2025-03-14T08:46:03","modified_gmt":"2025-03-14T06:46:03","slug":"cardiac-science-powerheart-g5-cprd-electrodes","status":"publish","type":"product","link":"https:\/\/www.defibsolutions.fr\/boutique\/shop\/cardiac-science-powerheart-g5-cprd-electrodes\/","title":{"rendered":"Cardiac Science Powerheart G5 CPRD \u00e9lectrodes"},"content":{"rendered":"<p><strong>Cardiac Science Powerheart G5 CPRD \u00e9lectrodes pour adultes<br \/>\n<\/strong><span style=\"font-weight: 400;\">Gr\u00e2ce au capteur int\u00e9gr\u00e9, les \u00e9lectrodes fournissent une \u00e9valuation en temps r\u00e9el pendant la r\u00e9animation. Le capteur mesure la fr\u00e9quence et la profondeur des compressions. Si l&#8217;un de ces 2 est incorrect, le d\u00e9fibrillateur fournira un retour d&#8217;information. Les \u00e9lectrodes peuvent \u00eatre pr\u00e9connect\u00e9es au DAE pour gagner un temps pr\u00e9cieux quand le d\u00e9fibrillateur doit \u00eatre utilis\u00e9.\u00a0<\/span><\/p>\n<p><b>Inclus:<\/b> <span style=\"font-weight: 400;\">module de RCP pour une \u00e9valuation en temps r\u00e9el pendant la r\u00e9animation<br \/>\n<\/span><b>Dur\u00e9e de vie:<\/b><span style=\"font-weight: 400;\"> 2 ans<br \/>\n<\/span><b>Convient: <\/b>le d\u00e9fibrillateur C<span style=\"font-weight: 400;\">ardiac Science Powerheart G5<\/span><\/p>\n","protected":false},"excerpt":{"rendered":"<p><span style=\"font-weight: 400;\">Cardiac Science Powerheart G5 CPRD <\/span><span style=\"font-weight: 400;\">\u00e9lectrodes\u00a0<\/span><\/p>\n","protected":false},"featured_media":2899,"template":"","meta":[],"product_brand":[],"product_cat":[263,101,103],"product_tag":[],"class_list":{"0":"post-2898","1":"product","2":"type-product","3":"status-publish","4":"has-post-thumbnail","6":"product_cat-accessoires-dae","7":"product_cat-cardiac-science-aeds-defibrillator","8":"product_cat-powerheart-g5-accessoires","9":"pa_fabricant-cardiac-science","11":"first","12":"instock","13":"taxable","14":"shipping-taxable","15":"purchasable","16":"product-type-simple"},"bundled_by":[],"bundle_stock_status":"instock","bundle_stock_quantity":null,"bundle_virtual":false,"bundle_layout":"","bundle_add_to_cart_form_location":"","bundle_editable_in_cart":false,"bundle_sold_individually_context":"","bundle_item_grouping":"","bundle_min_size":"","bundle_max_size":"","bundle_price":[],"bundled_items":[],"bundle_sell_ids":[],"_links":{"self":[{"href":"https:\/\/www.defibsolutions.fr\/boutique\/wp-json\/wp\/v2\/product\/2898","targetHints":{"allow":["GET"]}}],"collection":[{"href":"https:\/\/www.defibsolutions.fr\/boutique\/wp-json\/wp\/v2\/product"}],"about":[{"href":"https:\/\/www.defibsolutions.fr\/boutique\/wp-json\/wp\/v2\/types\/product"}],"wp:featuredmedia":[{"embeddable":true,"href":"https:\/\/www.defibsolutions.fr\/boutique\/wp-json\/wp\/v2\/media\/2899"}],"wp:attachment":[{"href":"https:\/\/www.defibsolutions.fr\/boutique\/wp-json\/wp\/v2\/media?parent=2898"}],"wp:term":[{"taxonomy":"product_brand","embeddable":true,"href":"https:\/\/www.defibsolutions.fr\/boutique\/wp-json\/wp\/v2\/product_brand?post=2898"},{"taxonomy":"product_cat","embeddable":true,"href":"https:\/\/www.defibsolutions.fr\/boutique\/wp-json\/wp\/v2\/product_cat?post=2898"},{"taxonomy":"product_tag","embeddable":true,"href":"https:\/\/www.defibsolutions.fr\/boutique\/wp-json\/wp\/v2\/product_tag?post=2898"}],"curies":[{"name":"wp","href":"https:\/\/api.w.org\/{rel}","templated":true}]}}