{"id":2896,"date":"2019-07-11T12:48:47","date_gmt":"2019-07-11T10:48:47","guid":{"rendered":"http:\/\/bhvvoordeelw.dded11d.satserver.nl\/product\/cardiac-science-powerheart-g5-elektroden\/"},"modified":"2025-03-14T08:46:03","modified_gmt":"2025-03-14T06:46:03","slug":"cardiac-science-powerheart-g5-electrodes-adult","status":"publish","type":"product","link":"https:\/\/www.defibsolutions.fr\/boutique\/shop\/cardiac-science-powerheart-g5-electrodes-adult\/","title":{"rendered":"Cardiac Science Powerheart G5 \u00e9lectrodes"},"content":{"rendered":"<p><strong>Cardiac Science Powerheart G5 \u00e9lectrodes pour adultes<br \/>\n<\/strong><span style=\"font-weight: 400;\">Vous pouvez pr\u00e9connecter les \u00e9lectrodes au d\u00e9fibrillateur.<br \/>\nL&#8217;emballage indique comment placer les \u00e9lectrodes chez la victime.\u00a0<\/span><\/p>\n<p><b>Dur\u00e9e de vie:<\/b><span style=\"font-weight: 400;\"> 2 ans<br \/>\n<\/span><b>Convient: <\/b>le d\u00e9fibrillateur <span style=\"font-weight: 400;\">Cardiac Science Powerheart G5<\/span><\/p>\n","protected":false},"excerpt":{"rendered":"<p>Cardiac science powerheart G5 \u00e9lectrodes<\/p>\n","protected":false},"featured_media":2897,"template":"","meta":[],"product_brand":[],"product_cat":[263,101,103],"product_tag":[],"class_list":{"0":"post-2896","1":"product","2":"type-product","3":"status-publish","4":"has-post-thumbnail","6":"product_cat-accessoires-dae","7":"product_cat-cardiac-science-aeds-defibrillator","8":"product_cat-powerheart-g5-accessoires","9":"pa_fabricant-cardiac-science","11":"first","12":"instock","13":"taxable","14":"shipping-taxable","15":"purchasable","16":"product-type-simple"},"bundled_by":[],"bundle_stock_status":"instock","bundle_stock_quantity":null,"bundle_virtual":false,"bundle_layout":"","bundle_add_to_cart_form_location":"","bundle_editable_in_cart":false,"bundle_sold_individually_context":"","bundle_item_grouping":"","bundle_min_size":"","bundle_max_size":"","bundle_price":[],"bundled_items":[],"bundle_sell_ids":[],"_links":{"self":[{"href":"https:\/\/www.defibsolutions.fr\/boutique\/wp-json\/wp\/v2\/product\/2896","targetHints":{"allow":["GET"]}}],"collection":[{"href":"https:\/\/www.defibsolutions.fr\/boutique\/wp-json\/wp\/v2\/product"}],"about":[{"href":"https:\/\/www.defibsolutions.fr\/boutique\/wp-json\/wp\/v2\/types\/product"}],"wp:featuredmedia":[{"embeddable":true,"href":"https:\/\/www.defibsolutions.fr\/boutique\/wp-json\/wp\/v2\/media\/2897"}],"wp:attachment":[{"href":"https:\/\/www.defibsolutions.fr\/boutique\/wp-json\/wp\/v2\/media?parent=2896"}],"wp:term":[{"taxonomy":"product_brand","embeddable":true,"href":"https:\/\/www.defibsolutions.fr\/boutique\/wp-json\/wp\/v2\/product_brand?post=2896"},{"taxonomy":"product_cat","embeddable":true,"href":"https:\/\/www.defibsolutions.fr\/boutique\/wp-json\/wp\/v2\/product_cat?post=2896"},{"taxonomy":"product_tag","embeddable":true,"href":"https:\/\/www.defibsolutions.fr\/boutique\/wp-json\/wp\/v2\/product_tag?post=2896"}],"curies":[{"name":"wp","href":"https:\/\/api.w.org\/{rel}","templated":true}]}}