{"id":2890,"date":"2019-07-11T12:48:47","date_gmt":"2019-07-11T10:48:47","guid":{"rendered":"http:\/\/bhvvoordeelw.dded11d.satserver.nl\/product\/cardiac-science-powerheart-g3-batterij\/"},"modified":"2025-03-14T08:46:03","modified_gmt":"2025-03-14T06:46:03","slug":"cardiac-science-powerheart-g3-batterie","status":"publish","type":"product","link":"https:\/\/www.defibsolutions.fr\/boutique\/shop\/cardiac-science-powerheart-g3-batterie\/","title":{"rendered":"Cardiac Science Powerheart G3 batterie"},"content":{"rendered":"<p><span style=\"font-weight: 400;\">Batterie pour le d\u00e9fibrillateur <\/span><b>Cardiac Science Powerheart G3<\/b><\/p>\n<p><span style=\"font-weight: 400;\">Lorsque la batterie du DAE Cardiac Science est faible, un message s\u2019affiche lors de l\u2019ouverture du d\u00e9fibrillateur. Apr\u00e8s avoir remplac\u00e9 la batterie, le d\u00e9fibrillateur effectuera automatiquement un autotest. Lorsque ce n&#8217;est pas le cas, \u00e9couter les instructions donn\u00e9es par l&#8217;appareil.\u00a0<\/span><\/p>\n<p><b>Dur\u00e9e de vie<\/b><span style=\"font-weight: 400;\">: 5 ans<br \/>\n<strong>Garantie<\/strong>: 4 ans<\/span><\/p>\n<p><b>Convient aux DAE Powerheart G3 du mod\u00e8le <\/b>(<span style=\"font-weight: 400;\">con\u00e7u apr\u00e8s le <\/span><span style=\"font-weight: 400;\">12 avril 2004<\/span>)<b>:<br \/>\n<\/b>9300E<br \/>\n<span style=\"font-weight: 400;\">9390E<br \/>\n<\/span><span style=\"font-weight: 400;\">9300A<br \/>\n<\/span><span style=\"font-weight: 400;\">9390A<br \/>\n<\/span><\/p>\n","protected":false},"excerpt":{"rendered":"<p><span style=\"font-weight: 400;\">Batterie pour le d\u00e9fibrillateur <\/span><b>Cardiac Science Powerheart G3<\/b><\/p>\n","protected":false},"featured_media":2891,"template":"","meta":[],"product_brand":[],"product_cat":[263,101,320,102],"product_tag":[],"class_list":{"0":"post-2890","1":"product","2":"type-product","3":"status-publish","4":"has-post-thumbnail","6":"product_cat-accessoires-dae","7":"product_cat-cardiac-science-aeds-defibrillator","8":"product_cat-grille-tarifaire","9":"product_cat-powerheart-g3-accessoires","10":"pa_fabricant-cardiac-science","12":"first","13":"instock","14":"taxable","15":"shipping-taxable","16":"purchasable","17":"product-type-simple"},"bundled_by":[],"bundle_stock_status":"instock","bundle_stock_quantity":null,"bundle_virtual":false,"bundle_layout":"","bundle_add_to_cart_form_location":"","bundle_editable_in_cart":false,"bundle_sold_individually_context":"","bundle_item_grouping":"","bundle_min_size":"","bundle_max_size":"","bundle_price":[],"bundled_items":[],"bundle_sell_ids":[],"_links":{"self":[{"href":"https:\/\/www.defibsolutions.fr\/boutique\/wp-json\/wp\/v2\/product\/2890","targetHints":{"allow":["GET"]}}],"collection":[{"href":"https:\/\/www.defibsolutions.fr\/boutique\/wp-json\/wp\/v2\/product"}],"about":[{"href":"https:\/\/www.defibsolutions.fr\/boutique\/wp-json\/wp\/v2\/types\/product"}],"wp:featuredmedia":[{"embeddable":true,"href":"https:\/\/www.defibsolutions.fr\/boutique\/wp-json\/wp\/v2\/media\/2891"}],"wp:attachment":[{"href":"https:\/\/www.defibsolutions.fr\/boutique\/wp-json\/wp\/v2\/media?parent=2890"}],"wp:term":[{"taxonomy":"product_brand","embeddable":true,"href":"https:\/\/www.defibsolutions.fr\/boutique\/wp-json\/wp\/v2\/product_brand?post=2890"},{"taxonomy":"product_cat","embeddable":true,"href":"https:\/\/www.defibsolutions.fr\/boutique\/wp-json\/wp\/v2\/product_cat?post=2890"},{"taxonomy":"product_tag","embeddable":true,"href":"https:\/\/www.defibsolutions.fr\/boutique\/wp-json\/wp\/v2\/product_tag?post=2890"}],"curies":[{"name":"wp","href":"https:\/\/api.w.org\/{rel}","templated":true}]}}