{"id":2888,"date":"2019-07-11T12:48:47","date_gmt":"2019-07-11T10:48:47","guid":{"rendered":"http:\/\/bhvvoordeelw.dded11d.satserver.nl\/product\/cardiac-science-powerheart-g5-aed-trainer\/"},"modified":"2023-08-01T09:38:51","modified_gmt":"2023-08-01T07:38:51","slug":"cardiac-science-powerheart-g5-aed-trainer","status":"publish","type":"product","link":"https:\/\/www.defibsolutions.fr\/boutique\/shop\/cardiac-science-powerheart-g5-aed-trainer\/","title":{"rendered":"Cardiac Science Powerheart G5 DAE de formation"},"content":{"rendered":"<p><span style=\"font-weight: 400;\">Le d\u00e9fibrillateur de formation Powerheart G5 est excellent pour enseigner les techniques de sauvetage de base et les proc\u00e9dures de d\u00e9fibrillation. Le dispositif de formation simule diff\u00e9rentes arythmies cardiaques et offre la possibilit\u00e9 d\u2019utiliser le d\u00e9fibrillateur, de placer les \u00e9lectrodes et de pratiquer la r\u00e9animation sur un mannequin.\u00a0<\/span><\/p>\n<p><span style=\"font-weight: 400;\">Un m\u00e9tronome et des messages vocaux clairs et informatifs guident l&#8217;utilisateur \u00e0 travers le sc\u00e9nario de sauvetage. Les \u00e9lectrodes de formation r\u00e9utilisables permettent aux formateurs d&#8217;offrir une formation sur adultes et enfants. <\/span><\/p>\n<p><b>A l&#8217;aide du d\u00e9fibrillateur de formation Powerheart G5 l&#8217;instructeur peut :<br \/>\n<\/b><span style=\"font-weight: 400;\">&#8211; Choisir parmi quatre sc\u00e9narios de sauvetage pr\u00e9programm\u00e9s<br \/>\n<\/span><span style=\"font-weight: 400;\">&#8211; Utiliser le dispositif de RCP pour \u00e9valuer les performances conform\u00e9ment aux lignes directrices de RCP<br \/>\n&#8211;\u00a0\u00a0<\/span><span style=\"font-weight: 400;\">Former les utilisateurs \u00e0 effectuer des compressions de RCP \u00e0 l&#8217;aide d&#8217;un m\u00e9tronome<br \/>\n<\/span><span style=\"font-weight: 400;\">&#8211; Utiliser une t\u00e9l\u00e9commande sans fil pour faire varier les conditions de sauvetage pendant que les \u00e9tudiants interviennent<br \/>\n<\/span><span style=\"font-weight: 400;\">&#8211; Faire une pause \u00e0 mi-parcours du sc\u00e9nario pour souligner un point important, puis continuer au m\u00eame endroit dans la simulation<br \/>\n<\/span><span style=\"font-weight: 400;\">&#8211; D\u00e9montrer le fonctionnement automatique et semi-automatique du d\u00e9fibrillateur<\/span><\/p>\n<p><span style=\"font-weight: 400; color: #008000;\"><strong>Contenu du colis :<br \/>\n<span style=\"color: #000000;\">&#8211; <\/span><\/strong><\/span><span style=\"color: #000000;\"><span style=\"font-weight: 400;\">1 d\u00e9fibrillateur de formation<br \/>\n<\/span><span style=\"font-weight: 400;\">&#8211; 1 paire d\u2019\u00e9lectrodes de formation<br \/>\n<\/span><span style=\"font-weight: 400;\">&#8211; 1 t\u00e9l\u00e9commande<br \/>\n<\/span><span style=\"font-weight: 400;\">&#8211; 1 CD contenant les manuels d\u2019utilisation\u00a0<\/span><\/span><\/p>\n","protected":false},"excerpt":{"rendered":"<p>Cardiac Science Powerheart G5 d\u00e9fibrillateur de formation<\/p>\n","protected":false},"featured_media":4377,"template":"","meta":[],"product_brand":[],"product_cat":[74,100,75],"product_tag":[],"class_list":{"0":"post-2888","1":"product","2":"type-product","3":"status-publish","4":"has-post-thumbnail","6":"product_cat-aed-training","7":"product_cat-cardiac-science","8":"product_cat-aed-trainers","9":"pa_fabricant-cardiac-science","11":"first","12":"instock","13":"taxable","14":"shipping-taxable","15":"purchasable","16":"product-type-simple"},"bundled_by":[],"bundle_stock_status":"instock","bundle_stock_quantity":null,"bundle_virtual":false,"bundle_layout":"","bundle_add_to_cart_form_location":"","bundle_editable_in_cart":false,"bundle_sold_individually_context":"","bundle_item_grouping":"","bundle_min_size":"","bundle_max_size":"","bundle_price":[],"bundled_items":[],"bundle_sell_ids":[],"_links":{"self":[{"href":"https:\/\/www.defibsolutions.fr\/boutique\/wp-json\/wp\/v2\/product\/2888","targetHints":{"allow":["GET"]}}],"collection":[{"href":"https:\/\/www.defibsolutions.fr\/boutique\/wp-json\/wp\/v2\/product"}],"about":[{"href":"https:\/\/www.defibsolutions.fr\/boutique\/wp-json\/wp\/v2\/types\/product"}],"wp:featuredmedia":[{"embeddable":true,"href":"https:\/\/www.defibsolutions.fr\/boutique\/wp-json\/wp\/v2\/media\/4377"}],"wp:attachment":[{"href":"https:\/\/www.defibsolutions.fr\/boutique\/wp-json\/wp\/v2\/media?parent=2888"}],"wp:term":[{"taxonomy":"product_brand","embeddable":true,"href":"https:\/\/www.defibsolutions.fr\/boutique\/wp-json\/wp\/v2\/product_brand?post=2888"},{"taxonomy":"product_cat","embeddable":true,"href":"https:\/\/www.defibsolutions.fr\/boutique\/wp-json\/wp\/v2\/product_cat?post=2888"},{"taxonomy":"product_tag","embeddable":true,"href":"https:\/\/www.defibsolutions.fr\/boutique\/wp-json\/wp\/v2\/product_tag?post=2888"}],"curies":[{"name":"wp","href":"https:\/\/api.w.org\/{rel}","templated":true}]}}