{"id":2884,"date":"2019-07-11T12:48:47","date_gmt":"2019-07-11T10:48:47","guid":{"rendered":"http:\/\/bhvvoordeelw.dded11d.satserver.nl\/product\/ambu-man-armen-1-paar\/"},"modified":"2025-01-27T14:02:44","modified_gmt":"2025-01-27T12:02:44","slug":"ambu-man-paire-de-bras","status":"publish","type":"product","link":"https:\/\/www.defibsolutions.fr\/boutique\/shop\/ambu-man-paire-de-bras\/","title":{"rendered":"Ambu Man Paire de bras"},"content":{"rendered":"<p><span style=\"font-weight: 400;\">Votre mannequin Ambu se compose d\u2019un torse standard. <\/span><span style=\"font-weight: 400;\">Avec ces bras, vous pouvez vous entra\u00eener de fa\u00e7on encore plus r\u00e9aliste. Les bras sont toujours un obstacle, mais c&#8217;est aussi le cas dans la vie r\u00e9elle. Les bras sont tr\u00e8s simples \u00e0 attacher au torse<\/span><span style=\"font-weight: 400;\"> ainsi qu\u2019\u00e0 <\/span><span style=\"font-weight: 400;\">enlever.<\/span><\/p>\n","protected":false},"excerpt":{"rendered":"<p>Paire de bras pour le Mannequin de formation Ambu Man<\/p>\n","protected":false},"featured_media":2885,"template":"","meta":[],"product_brand":[],"product_cat":[228],"product_tag":[],"class_list":{"0":"post-2884","1":"product","2":"type-product","3":"status-publish","4":"has-post-thumbnail","6":"product_cat-ambu-man-accessoiries","7":"pa_fabricant-ambu","9":"first","10":"instock","11":"taxable","12":"shipping-taxable","13":"purchasable","14":"product-type-simple"},"bundled_by":[],"bundle_stock_status":"instock","bundle_stock_quantity":null,"bundle_virtual":false,"bundle_layout":"","bundle_add_to_cart_form_location":"","bundle_editable_in_cart":false,"bundle_sold_individually_context":"","bundle_item_grouping":"","bundle_min_size":"","bundle_max_size":"","bundle_price":[],"bundled_items":[],"bundle_sell_ids":[],"_links":{"self":[{"href":"https:\/\/www.defibsolutions.fr\/boutique\/wp-json\/wp\/v2\/product\/2884","targetHints":{"allow":["GET"]}}],"collection":[{"href":"https:\/\/www.defibsolutions.fr\/boutique\/wp-json\/wp\/v2\/product"}],"about":[{"href":"https:\/\/www.defibsolutions.fr\/boutique\/wp-json\/wp\/v2\/types\/product"}],"wp:featuredmedia":[{"embeddable":true,"href":"https:\/\/www.defibsolutions.fr\/boutique\/wp-json\/wp\/v2\/media\/2885"}],"wp:attachment":[{"href":"https:\/\/www.defibsolutions.fr\/boutique\/wp-json\/wp\/v2\/media?parent=2884"}],"wp:term":[{"taxonomy":"product_brand","embeddable":true,"href":"https:\/\/www.defibsolutions.fr\/boutique\/wp-json\/wp\/v2\/product_brand?post=2884"},{"taxonomy":"product_cat","embeddable":true,"href":"https:\/\/www.defibsolutions.fr\/boutique\/wp-json\/wp\/v2\/product_cat?post=2884"},{"taxonomy":"product_tag","embeddable":true,"href":"https:\/\/www.defibsolutions.fr\/boutique\/wp-json\/wp\/v2\/product_tag?post=2884"}],"curies":[{"name":"wp","href":"https:\/\/api.w.org\/{rel}","templated":true}]}}