{"id":2847,"date":"2019-07-11T12:48:39","date_gmt":"2019-07-11T10:48:39","guid":{"rendered":"http:\/\/bhvvoordeelw.dded11d.satserver.nl\/product\/defibtech-lifeline-view-wandbeugel\/"},"modified":"2025-03-14T08:46:04","modified_gmt":"2025-03-14T06:46:04","slug":"defibtech-lifeline-view-support-mural","status":"publish","type":"product","link":"https:\/\/www.defibsolutions.fr\/boutique\/shop\/defibtech-lifeline-view-support-mural\/","title":{"rendered":"Defibtech Lifeline View support mural"},"content":{"rendered":"<h2><span style=\"font-weight: 400;\">Defibtech Lifeline View support mural<\/span><\/h2>\n<p><span style=\"font-weight: 400;\">Support mural sp\u00e9cial pour le Defibtech Lifeline View. Accrochez votre Lifeline View de mani\u00e8re s\u00e9curis\u00e9e et visible.<br \/>\n<\/span><span style=\"font-weight: 400;\">Avec ce support mural, vous pouvez facilement accrocher le Defibtech Lifeline View, afin qu\u2019elle soit visible pour tout le monde.\u00a0<\/span><\/p>\n<p><span style=\"font-weight: 400;\">Attention: ce support mural ne convient que pour le Defibtech Lifeline View.<br \/>\n<\/span><span style=\"font-weight: 400;\">Recherchez-vous le support mural pour le DAE Defibtech Lifeline? <a href=\"https:\/\/www.defibsolutions.fr\/product\/defibtech-support-mural\/\">Cliquez ici<\/a>.<\/span><\/p>\n<p>&nbsp;<\/p>\n","protected":false},"excerpt":{"rendered":"<p><span style=\"font-weight: 400;\">Defibtech Lifeline View support mural<\/span><\/p>\n","protected":false},"featured_media":2848,"template":"","meta":[],"product_brand":[],"product_cat":[263,82,65,83],"product_tag":[],"class_list":{"0":"post-2847","1":"product","2":"type-product","3":"status-publish","4":"has-post-thumbnail","6":"product_cat-accessoires-dae","7":"product_cat-boitier-et-support-mural","8":"product_cat-defibtech","9":"product_cat-view-accessoires","10":"pa_fabricant-defibtech","12":"first","13":"instock","14":"taxable","15":"shipping-taxable","16":"purchasable","17":"product-type-simple"},"bundled_by":[],"bundle_stock_status":"instock","bundle_stock_quantity":null,"bundle_virtual":false,"bundle_layout":"","bundle_add_to_cart_form_location":"","bundle_editable_in_cart":false,"bundle_sold_individually_context":"","bundle_item_grouping":"","bundle_min_size":"","bundle_max_size":"","bundle_price":[],"bundled_items":[],"bundle_sell_ids":[],"_links":{"self":[{"href":"https:\/\/www.defibsolutions.fr\/boutique\/wp-json\/wp\/v2\/product\/2847","targetHints":{"allow":["GET"]}}],"collection":[{"href":"https:\/\/www.defibsolutions.fr\/boutique\/wp-json\/wp\/v2\/product"}],"about":[{"href":"https:\/\/www.defibsolutions.fr\/boutique\/wp-json\/wp\/v2\/types\/product"}],"wp:featuredmedia":[{"embeddable":true,"href":"https:\/\/www.defibsolutions.fr\/boutique\/wp-json\/wp\/v2\/media\/2848"}],"wp:attachment":[{"href":"https:\/\/www.defibsolutions.fr\/boutique\/wp-json\/wp\/v2\/media?parent=2847"}],"wp:term":[{"taxonomy":"product_brand","embeddable":true,"href":"https:\/\/www.defibsolutions.fr\/boutique\/wp-json\/wp\/v2\/product_brand?post=2847"},{"taxonomy":"product_cat","embeddable":true,"href":"https:\/\/www.defibsolutions.fr\/boutique\/wp-json\/wp\/v2\/product_cat?post=2847"},{"taxonomy":"product_tag","embeddable":true,"href":"https:\/\/www.defibsolutions.fr\/boutique\/wp-json\/wp\/v2\/product_tag?post=2847"}],"curies":[{"name":"wp","href":"https:\/\/api.w.org\/{rel}","templated":true}]}}