{"id":2839,"date":"2019-07-11T12:48:39","date_gmt":"2019-07-11T10:48:39","guid":{"rendered":"http:\/\/bhvvoordeelw.dded11d.satserver.nl\/product\/rotaid-solid-binnenkast\/"},"modified":"2022-07-01T09:20:54","modified_gmt":"2022-07-01T07:20:54","slug":"rotaid-solid-armoire-defibrillateur-usage-interieur","status":"publish","type":"product","link":"https:\/\/www.defibsolutions.fr\/boutique\/shop\/rotaid-solid-armoire-defibrillateur-usage-interieur\/","title":{"rendered":"Rotaid Solid Plus armoire pour d\u00e9fibrillateur (usage int\u00e9rieur)"},"content":{"rendered":"<p><strong>Rotaid Solid Plus<\/strong><br \/>\nLes mat\u00e9riaux utilis\u00e9s ont \u00e9t\u00e9 test\u00e9s en plein air et assurent une protection \u00e0 long terme du d\u00e9fibrillateur contre le soleil, la poussi\u00e8re et l\u2019eau. En outre, ils sont enti\u00e8rement recycl\u00e9s, de sorte que le Rotaid Solid Plus peut \u00eatre qualifi\u00e9 comme produit durable.<\/p>\n<p>D\u2019un geste intuitif, le Solid Plus est facile \u00e0 ouvrir. En retirant le capot complet, vous avez acc\u00e8s au d\u00e9fibrillateur qui peut \u00eatre rapidement saisi. Le capot reste attach\u00e9 \u00e0 la paroi arri\u00e8re gr\u00e2ce \u00e0 une sangle en nylon.<\/p>\n<p>Le Rotaid Solid Plus peut \u00eatre \u00e9quip\u00e9 en option d&#8217;une alarme sonore.<\/p>\n<p><strong>Caract\u00e9ristiques principales<\/strong><br \/>\n\u2013 Les fl\u00e8ches indiquent la rotation pour l\u2019ouverture<br \/>\n\u2013 Compatible avec les d\u00e9fibrillateurs de Defibtech, Heartsine, Philips, Cardiac Science, CU Medical Systems, Schiller et ZOLL<br \/>\n\u2013 Dimensions : 48cm x 48cm x 18cm<br \/>\n\u2013 Poids : 6,7 kg<\/p>\n","protected":false},"excerpt":{"rendered":"<p>Rotaid Solid Armoire pour d\u00e9fibrillateur<\/p>\n","protected":false},"featured_media":5387,"template":"","meta":[],"product_brand":[],"product_cat":[263,82,81],"product_tag":[],"class_list":{"0":"post-2839","1":"product","2":"type-product","3":"status-publish","4":"has-post-thumbnail","6":"product_cat-accessoires-dae","7":"product_cat-boitier-et-support-mural","8":"product_cat-tous-les-accessoires","9":"pa_fabricant-rotaid","11":"first","12":"instock","13":"taxable","14":"shipping-taxable","15":"purchasable","16":"product-type-simple"},"bundled_by":[],"bundle_stock_status":"instock","bundle_stock_quantity":null,"bundle_virtual":false,"bundle_layout":"","bundle_add_to_cart_form_location":"","bundle_editable_in_cart":false,"bundle_sold_individually_context":"","bundle_item_grouping":"","bundle_min_size":"","bundle_max_size":"","bundle_price":[],"bundled_items":[],"bundle_sell_ids":[],"_links":{"self":[{"href":"https:\/\/www.defibsolutions.fr\/boutique\/wp-json\/wp\/v2\/product\/2839","targetHints":{"allow":["GET"]}}],"collection":[{"href":"https:\/\/www.defibsolutions.fr\/boutique\/wp-json\/wp\/v2\/product"}],"about":[{"href":"https:\/\/www.defibsolutions.fr\/boutique\/wp-json\/wp\/v2\/types\/product"}],"wp:featuredmedia":[{"embeddable":true,"href":"https:\/\/www.defibsolutions.fr\/boutique\/wp-json\/wp\/v2\/media\/5387"}],"wp:attachment":[{"href":"https:\/\/www.defibsolutions.fr\/boutique\/wp-json\/wp\/v2\/media?parent=2839"}],"wp:term":[{"taxonomy":"product_brand","embeddable":true,"href":"https:\/\/www.defibsolutions.fr\/boutique\/wp-json\/wp\/v2\/product_brand?post=2839"},{"taxonomy":"product_cat","embeddable":true,"href":"https:\/\/www.defibsolutions.fr\/boutique\/wp-json\/wp\/v2\/product_cat?post=2839"},{"taxonomy":"product_tag","embeddable":true,"href":"https:\/\/www.defibsolutions.fr\/boutique\/wp-json\/wp\/v2\/product_tag?post=2839"}],"curies":[{"name":"wp","href":"https:\/\/api.w.org\/{rel}","templated":true}]}}