{"id":2837,"date":"2019-07-11T12:48:39","date_gmt":"2019-07-11T10:48:39","guid":{"rendered":"http:\/\/bhvvoordeelw.dded11d.satserver.nl\/product\/rotaid-buitenkast\/"},"modified":"2022-07-01T09:21:19","modified_gmt":"2022-07-01T07:21:19","slug":"rotaid-armoire-defibrillateur-usage-exterieur","status":"publish","type":"product","link":"https:\/\/www.defibsolutions.fr\/boutique\/shop\/rotaid-armoire-defibrillateur-usage-exterieur\/","title":{"rendered":"Rotaid Solid Plus Heat armoire pour d\u00e9fibrillateur (usage ext\u00e9rieur)"},"content":{"rendered":"<p><strong>Rotaid Solid Plus Heat<br \/>\n<\/strong>La forme ronde caract\u00e9ristique du Rotaid Solid Plus Heat et la couleur verte, rendent votre DAE\u00a0 facile \u00e0 trouver et garantissent une apparence de haute qualit\u00e9.<br \/>\nLes mat\u00e9riaux utilis\u00e9s ont \u00e9t\u00e9 test\u00e9s en plein air et assurent une protection \u00e0 long terme du d\u00e9fibrillateur contre le soleil, la poussi\u00e8re et l&#8217;eau. En outre, ils sont enti\u00e8rement recycl\u00e9s, de sorte que le Solid Plus Heat peut \u00eatre qualifi\u00e9 comme produit durable.<\/p>\n<p>D&#8217;un geste intuitif, le Solid Plus Heat est facile \u00e0 ouvrir. En retirant le capot complet, vous avez acc\u00e8s au d\u00e9fibrillateur qui peut \u00eatre rapidement saisi. Le capot reste attach\u00e9 \u00e0 la paroi arri\u00e8re gr\u00e2ce \u00e0 une sangle en nylon.<\/p>\n<p>Gr\u00e2ce \u00e0 un \u00e9l\u00e9ment chauffant fabriqu\u00e9 sur mesure, la temp\u00e9rature est maintenue \u00e0 un minimum de 5 degr\u00e9s Celsius de mani\u00e8re enti\u00e8rement automatique, m\u00eame si la temp\u00e9rature ext\u00e9rieure descend \u00e0 -25 degr\u00e9s Celsius. Le syst\u00e8me de chauffage n&#8217;utilise que la quantit\u00e9 d&#8217;\u00e9nergie n\u00e9cessaire, ce qui le rend particuli\u00e8rement efficace et \u00e9conome en \u00e9nergie.<\/p>\n<p>Le Rotaid Solid Plus Heat est \u00e9quip\u00e9 d&#8217;une alarme sonore.<\/p>\n<p><strong>Caract\u00e9ristiques principales<\/strong><br \/>\n&#8211; Dispositif de chauffage inclus<br \/>\n&#8211; Les fl\u00e8ches indiquent la rotation pour l&#8217;ouverture<br \/>\n&#8211; Compatible avec les d\u00e9fibrillateurs de Defibtech, Heartsine, Philips, Cardiac Science, CU Medical Systems, Schiller et ZOLL<br \/>\n&#8211; Dimensions : 48cm x 48cm x 18cm<br \/>\n&#8211; Poids : 6,7 kg<\/p>\n","protected":false},"excerpt":{"rendered":"<p>Rotaid Armoire pour d\u00e9fibrillateur (usage ext\u00e9rieur &#8211; alarme sonore)<\/p>\n","protected":false},"featured_media":5387,"template":"","meta":[],"product_brand":[],"product_cat":[263,82,81],"product_tag":[90],"class_list":{"0":"post-2837","1":"product","2":"type-product","3":"status-publish","4":"has-post-thumbnail","6":"product_cat-accessoires-dae","7":"product_cat-boitier-et-support-mural","8":"product_cat-tous-les-accessoires","9":"product_tag-rotaid","10":"pa_fabricant-rotaid","12":"first","13":"instock","14":"taxable","15":"shipping-taxable","16":"purchasable","17":"product-type-simple"},"bundled_by":[],"bundle_stock_status":"instock","bundle_stock_quantity":null,"bundle_virtual":false,"bundle_layout":"","bundle_add_to_cart_form_location":"","bundle_editable_in_cart":false,"bundle_sold_individually_context":"","bundle_item_grouping":"","bundle_min_size":"","bundle_max_size":"","bundle_price":[],"bundled_items":[],"bundle_sell_ids":[],"_links":{"self":[{"href":"https:\/\/www.defibsolutions.fr\/boutique\/wp-json\/wp\/v2\/product\/2837","targetHints":{"allow":["GET"]}}],"collection":[{"href":"https:\/\/www.defibsolutions.fr\/boutique\/wp-json\/wp\/v2\/product"}],"about":[{"href":"https:\/\/www.defibsolutions.fr\/boutique\/wp-json\/wp\/v2\/types\/product"}],"wp:featuredmedia":[{"embeddable":true,"href":"https:\/\/www.defibsolutions.fr\/boutique\/wp-json\/wp\/v2\/media\/5387"}],"wp:attachment":[{"href":"https:\/\/www.defibsolutions.fr\/boutique\/wp-json\/wp\/v2\/media?parent=2837"}],"wp:term":[{"taxonomy":"product_brand","embeddable":true,"href":"https:\/\/www.defibsolutions.fr\/boutique\/wp-json\/wp\/v2\/product_brand?post=2837"},{"taxonomy":"product_cat","embeddable":true,"href":"https:\/\/www.defibsolutions.fr\/boutique\/wp-json\/wp\/v2\/product_cat?post=2837"},{"taxonomy":"product_tag","embeddable":true,"href":"https:\/\/www.defibsolutions.fr\/boutique\/wp-json\/wp\/v2\/product_tag?post=2837"}],"curies":[{"name":"wp","href":"https:\/\/api.w.org\/{rel}","templated":true}]}}