{"id":2835,"date":"2019-07-11T12:48:39","date_gmt":"2019-07-11T10:48:39","guid":{"rendered":"http:\/\/bhvvoordeelw.dded11d.satserver.nl\/product\/universele-wandbeugel\/"},"modified":"2023-11-17T17:59:53","modified_gmt":"2023-11-17T15:59:53","slug":"dae-support-mural","status":"publish","type":"product","link":"https:\/\/www.defibsolutions.fr\/boutique\/shop\/dae-support-mural\/","title":{"rendered":"Support mural DAE"},"content":{"rendered":"<h2>SUPPORT MURAL POUR VOTRE DAE<\/h2>\n<p>Avec ce support mural pour DAE, vous pouvez facilement accrocher votre d\u00e9fibrillateur. Gr\u00e2ce au logo DAE sur le support, le d\u00e9fibrillateur est toujours clairement visible. Avec 2 vis, vous pouvez accrocher le support \u00e0 n\u2019importe quel mur (les vis ne sont pas fournies).<\/p>\n<p>Dimensions de la plaque m\u00e9tallique verte \u00e0 fixer au mur : 19 cm x 12,2 cm<\/p>\n<p>Longueur du support o\u00f9 s&#8217;accroche le sac de transport ou la poign\u00e9e du DAE : 8,5 cm<\/p>\n<p>&nbsp;<\/p>\n","protected":false},"excerpt":{"rendered":"<p>Support mural universel pour accrocher facilement votre d\u00e9fibrillateur.<\/p>\n","protected":false},"featured_media":2836,"template":"","meta":[],"product_brand":[],"product_cat":[263,82,81],"product_tag":[],"class_list":{"0":"post-2835","1":"product","2":"type-product","3":"status-publish","4":"has-post-thumbnail","6":"product_cat-accessoires-dae","7":"product_cat-boitier-et-support-mural","8":"product_cat-tous-les-accessoires","9":"pa_fabricant-ilcor","11":"first","12":"instock","13":"taxable","14":"shipping-taxable","15":"purchasable","16":"product-type-simple"},"bundled_by":[],"bundle_stock_status":"instock","bundle_stock_quantity":null,"bundle_virtual":false,"bundle_layout":"","bundle_add_to_cart_form_location":"","bundle_editable_in_cart":false,"bundle_sold_individually_context":"","bundle_item_grouping":"","bundle_min_size":"","bundle_max_size":"","bundle_price":[],"bundled_items":[],"bundle_sell_ids":[],"_links":{"self":[{"href":"https:\/\/www.defibsolutions.fr\/boutique\/wp-json\/wp\/v2\/product\/2835","targetHints":{"allow":["GET"]}}],"collection":[{"href":"https:\/\/www.defibsolutions.fr\/boutique\/wp-json\/wp\/v2\/product"}],"about":[{"href":"https:\/\/www.defibsolutions.fr\/boutique\/wp-json\/wp\/v2\/types\/product"}],"wp:featuredmedia":[{"embeddable":true,"href":"https:\/\/www.defibsolutions.fr\/boutique\/wp-json\/wp\/v2\/media\/2836"}],"wp:attachment":[{"href":"https:\/\/www.defibsolutions.fr\/boutique\/wp-json\/wp\/v2\/media?parent=2835"}],"wp:term":[{"taxonomy":"product_brand","embeddable":true,"href":"https:\/\/www.defibsolutions.fr\/boutique\/wp-json\/wp\/v2\/product_brand?post=2835"},{"taxonomy":"product_cat","embeddable":true,"href":"https:\/\/www.defibsolutions.fr\/boutique\/wp-json\/wp\/v2\/product_cat?post=2835"},{"taxonomy":"product_tag","embeddable":true,"href":"https:\/\/www.defibsolutions.fr\/boutique\/wp-json\/wp\/v2\/product_tag?post=2835"}],"curies":[{"name":"wp","href":"https:\/\/api.w.org\/{rel}","templated":true}]}}