{"id":2830,"date":"2019-07-11T12:48:39","date_gmt":"2019-07-11T10:48:39","guid":{"rendered":"http:\/\/bhvvoordeelw.dded11d.satserver.nl\/product\/zoll-aed-3-met-gratis-draagtas\/"},"modified":"2026-01-02T13:38:30","modified_gmt":"2026-01-02T11:38:30","slug":"zoll-aed-3-semi-automatique","status":"publish","type":"product","link":"https:\/\/www.defibsolutions.fr\/boutique\/shop\/zoll-aed-3-semi-automatique\/","title":{"rendered":"Zoll AED 3 Semi-Automatique"},"content":{"rendered":"<h3><strong>Le ZOLL AED 3, le nouvel appareil innovant de Zoll<\/strong><\/h3>\n<p>Le d\u00e9fibrillateur Zoll AED 3 est facile \u00e0 g\u00e9rer gr\u00e2ce au programme PlusTrac qui g\u00e8re l&#8217;\u00e9tat de vos d\u00e9fibrillateurs. Un dysfonctionnement est imm\u00e9diatement signal\u00e9 au cloud via wifi. Vous \u00eates toujours inform\u00e9 et vous pouvez r\u00e9soudre un \u00e9ventuel probl\u00e8me. Ainsi vous \u00eates assur\u00e9 d\u2019un appareil pr\u00eat \u00e0 l\u2019emploi.<\/p>\n<p>Comme son pr\u00e9d\u00e9cesseur le Zoll AED Plus, le Zoll AED 3 est tr\u00e8s convivial. En utilisant les \u00e9lectrodes CPR Uni-padz, le secouriste est assist\u00e9 tout au long de la r\u00e9animation et re\u00e7oit une \u00e9valuation en temps r\u00e9el de l&#8217;efficacit\u00e9 des compressions thoraciques. De plus, le secouriste est assist\u00e9 \u00e0 l\u2019aide d\u2019instructions sur un \u00e9cran couleur.<\/p>\n<p>Le Zoll AED 3 dispose\u00a0 d&#8217;un \u00e9cran LCD haute r\u00e9solution. Apr\u00e8s avoir utilis\u00e9 le d\u00e9fibrillateur, vous pouvez retrouver en bas de l&#8217;\u00e9cran le nombre de chocs d\u00e9livr\u00e9s et le temps \u00e9coul\u00e9. Vous pouvez \u00e9galement transmettre toutes les donn\u00e9es aux services d&#8217;urgence professionnels via une cl\u00e9 USB.<\/p>\n<p>Le Zoll AED 3 a comme indice de protection IP 55 contre la poussi\u00e8re et l&#8217;eau.<\/p>\n<h2>Evaluation en temps r\u00e9el<\/h2>\n<p>Le Zoll AED 3 affiche, comme son pr\u00e9d\u00e9cesseur le <a href=\"http:\/\/www.defibsolutions.fr\/product\/zoll-aed-plus-met-gratis-wandkast\/\">Zoll AED Plus<\/a>, une \u00e9valuation en temps r\u00e9el (realtime feedback). Cela\u00a0 veut dire que le DAE analyse les actions pendant la r\u00e9animation. Il mesure la fr\u00e9quence et la profondeur des compressions thoraciques. Le secouriste obtient des commantaires tels que \u201cappuyez plus fort\u201d ou \u201cbonnes compressions\u201d.\u00a0 Ainsi le secouriste ne re\u00e7oit pas seulement des instructions, mais on lui dit aussi ce qui se passe correctement ou ce qu\u2019il pourrait mieux faire. Dans 50 % des r\u00e9animations, le d\u00e9fibrillateur devra d\u00e9livrer un choc. La plupart des DAE aident donc seulement dans 50% des cas. Gr\u00e2ce \u00e0 l&#8217;\u00e9valuation en temps r\u00e9el de l&#8217;efficacit\u00e9 des compressions thoraciques (realtime feedback), le ZOll AED 3 aide \u00e0 chaque r\u00e9animation.<\/p>\n<h2>Inutile d\u2019acheter des \u00e9lectrodes p\u00e9diatriques<\/h2>\n<p>Le Zoll AED 3 a un bouton enfant, de sorte qu&#8217;il est inutile d\u2019acheter des \u00e9lectrodes p\u00e9diatriques. Les \u00e9lectrodes CPR Uni-padz, avec capteur RCP et une dur\u00e9e de vie de 5 ans, sont inclus et peuvent d\u00e9fibriller enfants et adultes. En appuyant sur le bouton enfant, les images changeront \u00e9galement sur le grand \u00e9cran. Ce qui signifie que vous recevez les instructions pour une victime enfant. Puisque les \u00e9lectrodes peuvent d\u00e9fibriller enfants et adultes, vous aurez moins de frais que la plupart des d\u00e9fibrillateurs.<\/p>\n<p>Le Zoll AED 3 est plus robuste et plus compact que son pr\u00e9d\u00e9cesseur et a une garantie d&#8217;usine de 8 ans. Les prix ci-dessus sont des prix de vente conseill\u00e9s. Les co\u00fbts de maintenance sont les co\u00fbts pour le remplacement des batteries et des \u00e9lectrodes.<\/p>\n<p><strong><span style=\"color: #008000;\">Contenu du colis :<\/span><br \/>\n<\/strong>\u2013 le d\u00e9fibrillateur Zoll AED 3 <strong>semi-<\/strong><b>automatique<\/b><strong><br \/>\n<\/strong>\u2013\u00a0une paire d\u2019\u00e9lectrodes universelles ZOLL AED 3 CPR Uni padz adapt\u00e9es aux adultes et aux enfants (capteur RCP et une dur\u00e9e de vie de 5 ans)<br \/>\n\u2013\u00a0une batterie ZOLL AED 3 (pile au lithium dioxyde de mangan\u00e8se) non rechargeable et une dur\u00e9e de vie de 5 ans<br \/>\n\u2013\u00a0un mode d\u2019emploi en fran\u00e7ais<br \/>\n\u2013\u00a0une garantie de 8 ans<br \/>\n\u2013 une garantie de 5 ans + 2 ans suppl. apr\u00e8s inscription sur le site de Zoll<\/p>\n<table>\n<tbody>\n<tr>\n<td><b>Sp\u00e9cifications<\/b><\/td>\n<\/tr>\n<tr>\n<td>mode de l\u2019appareil : version<strong> semi-<\/strong><b>automatique<\/b><\/td>\n<\/tr>\n<tr>\n<td>indice de protection : 55<\/td>\n<\/tr>\n<tr>\n<td>m\u00e9tronome : oui<\/td>\n<\/tr>\n<tr>\n<td>assistance au massage cardiaque (realtime Feedback) : oui<\/td>\n<\/tr>\n<tr>\n<td>dur\u00e9e de vie des \u00e9lectrodes CPR Uni padz : 5 ans<\/td>\n<\/tr>\n<tr>\n<td>dur\u00e9e de vie de la batterie : 5 ans<\/td>\n<\/tr>\n<tr>\n<td>niveau d\u2019\u00e9nergie d\u00e9livr\u00e9e (adultes) : 120 \/ 150 \/ 200 joules<\/td>\n<\/tr>\n<tr>\n<td>niveau d\u2019\u00e9nergie d\u00e9livr\u00e9e (p\u00e9diatriques) : 50 \u00e0 85<\/td>\n<\/tr>\n<tr>\n<td>poids : 2,5 kg<\/td>\n<\/tr>\n<tr>\n<td>dimensions : 23,6 cm x 24,7 cm x 12,7 cm<\/td>\n<\/tr>\n<tr>\n<td>marquage CE : oui<\/td>\n<\/tr>\n<tr>\n<td>lieu de fabrication : USA<\/td>\n<\/tr>\n<\/tbody>\n<\/table>\n<p>&nbsp;<\/p>\n<p>&nbsp;<\/p>\n<p><center><iframe loading=\"lazy\" src=\"https:\/\/www.youtube.com\/embed\/cLTh1GEqhIE\" width=\"840\" height=\"472\" frameborder=\"0\" allowfullscreen=\"allowfullscreen\"><\/iframe><\/center>&nbsp;<\/p>\n<p><a href=\"https:\/\/www.defibsolutions.fr\/wp-content\/uploads\/2019\/09\/aed-zoll-aed-interline.pdf\">Manuel Zoll AED Plus et Zoll AED3<\/a><\/p>\n","protected":false},"excerpt":{"rendered":"<p>Prix sur demande<\/p>\n","protected":false},"featured_media":2831,"template":"","meta":[],"product_brand":[],"product_cat":[64,320,394,72,88],"product_tag":[],"class_list":{"0":"post-2830","1":"product","2":"type-product","3":"status-publish","4":"has-post-thumbnail","6":"product_cat-dae-defibrillateurs","7":"product_cat-grille-tarifaire","8":"product_cat-promo-aed","9":"product_cat-zoll","10":"product_cat-zoll-aeds","11":"pa_fabricant-zoll","13":"first","14":"instock","15":"taxable","16":"shipping-taxable","17":"purchasable","18":"product-type-simple"},"bundled_by":[],"bundle_stock_status":"instock","bundle_stock_quantity":null,"bundle_virtual":false,"bundle_layout":"","bundle_add_to_cart_form_location":"","bundle_editable_in_cart":false,"bundle_sold_individually_context":"","bundle_item_grouping":"","bundle_min_size":"","bundle_max_size":"","bundle_price":[],"bundled_items":[],"bundle_sell_ids":[],"_links":{"self":[{"href":"https:\/\/www.defibsolutions.fr\/boutique\/wp-json\/wp\/v2\/product\/2830","targetHints":{"allow":["GET"]}}],"collection":[{"href":"https:\/\/www.defibsolutions.fr\/boutique\/wp-json\/wp\/v2\/product"}],"about":[{"href":"https:\/\/www.defibsolutions.fr\/boutique\/wp-json\/wp\/v2\/types\/product"}],"wp:featuredmedia":[{"embeddable":true,"href":"https:\/\/www.defibsolutions.fr\/boutique\/wp-json\/wp\/v2\/media\/2831"}],"wp:attachment":[{"href":"https:\/\/www.defibsolutions.fr\/boutique\/wp-json\/wp\/v2\/media?parent=2830"}],"wp:term":[{"taxonomy":"product_brand","embeddable":true,"href":"https:\/\/www.defibsolutions.fr\/boutique\/wp-json\/wp\/v2\/product_brand?post=2830"},{"taxonomy":"product_cat","embeddable":true,"href":"https:\/\/www.defibsolutions.fr\/boutique\/wp-json\/wp\/v2\/product_cat?post=2830"},{"taxonomy":"product_tag","embeddable":true,"href":"https:\/\/www.defibsolutions.fr\/boutique\/wp-json\/wp\/v2\/product_tag?post=2830"}],"curies":[{"name":"wp","href":"https:\/\/api.w.org\/{rel}","templated":true}]}}