{"id":2824,"date":"2019-07-11T12:48:39","date_gmt":"2019-07-11T10:48:39","guid":{"rendered":"http:\/\/bhvvoordeelw.dded11d.satserver.nl\/product\/zoll-aed-plus-volautomaat\/"},"modified":"2026-01-02T13:38:30","modified_gmt":"2026-01-02T11:38:30","slug":"zoll-aed-plus-automatique-defibrillateur","status":"publish","type":"product","link":"https:\/\/www.defibsolutions.fr\/boutique\/shop\/zoll-aed-plus-automatique-defibrillateur\/","title":{"rendered":"Zoll AED Plus Automatique"},"content":{"rendered":"<div class=\"wpb-content-wrapper\"><p>[vc_row][vc_column][vc_column_text text_larger=&#8221;no&#8221; woodmart_inline=&#8221;no&#8221;]Le Zoll AED Plus, le d\u00e9fibrillateur le plus complet! Avec une \u00e9valuation en temps r\u00e9el de l&#8217;efficacit\u00e9 des compressions thoraciques on ne guide\u00a0 pas seulement le secouriste tout au long de la r\u00e9animation, mais il re\u00e7oit \u00e9galement des commentaires sur ses actions. De cette fa\u00e7on, la r\u00e9animation sera plus efficace.<\/p>\n<p>Le ZOLL AED Plus est livr\u00e9 avec un sac de transport noir et une garantie de 5 ans. Lors de l&#8217;enregistrement, la garantie est prolong\u00e9e de 2 ans.<\/p>\n<p>A la recherche d\u2019un d\u00e9fibrillateur complet? Le ZOLL AED Plus a tout: il est distinctif et facile \u00e0 utiliser en cas d&#8217;urgence.<\/p>\n<p>ZOLL Medical d\u00e9veloppe la technologie des DAE depuis 25 ans. ZOLL est une marque am\u00e9ricaine et a \u00e9t\u00e9 approuv\u00e9 par la FDA. Cela vous donne la garantie que ce DAE est un d\u00e9fibrillateur de bonne qualit\u00e9.<\/p>\n<h3>Caract\u00e9ristiques principales<\/h3>\n<ul>\n<li>Facilement reconnaissable avec sa couleur verte distinctive<\/li>\n<li>Pictogrammes pour guider les utilisateurs tout au long de la r\u00e9animation<\/li>\n<li>Instructions vocales et visuelles claires pour vous aider pendant cet \u00e9v\u00e9nement stressant<\/li>\n<li>Une assistance au massage cardiaque et un m\u00e9tronome pour vous assurer de fournir les meilleurs soins<\/li>\n<li>Dur\u00e9e de vie des \u00e9lectrodes CPR-D padz: 5 ans<\/li>\n<li>Batteries pratiques et pas ch\u00e8res,\u00a0 avec une dur\u00e9e de vie de 5 ans<\/li>\n<li>Pas de maintenance: fonction d&#8217;auto-test automatique int\u00e9gr\u00e9e garantissant que l&#8217;appareil est toujours pr\u00eat \u00e0 \u00eatre utilis\u00e9<\/li>\n<li>Il s&#8217;agit du \u00abd\u00e9fibrillateur de choix\u00bb depuis 2010, parmi d&#8217;autres par \u2018 la British Heart Foundation\u2019<\/li>\n<\/ul>\n<h3>ZOLL fonctions uniques<\/h3>\n<p><strong><em>Assistance RCP &#8211; <\/em><\/strong>Il est cliniquement prouv\u00e9 que le \u201cReal CPR Help\u201d\u00a0 augmente les chances de survie. Cette technologie reconna\u00eet la fr\u00e9quence et l\u2019intensit\u00e9 des compressions thoraciques. Il vous demande de &#8220;appuyer plus fort&#8221; si n\u00e9cessaire et il donne des commentaires positifs si vous donnez de bonnes compressions.<\/p>\n<p><strong><em>Fonction p\u00e9diatrique &#8211;<\/em><\/strong> Vous devez utiliser le DAE chez un enfant? Une fois que les \u00e9lectrodes p\u00e9diatriques sont connect\u00e9es (Pedi Padz II), l&#8217;appareil s&#8217;ajuste pour r\u00e9gler le niveau d&#8217;\u00e9nergie.<\/p>\n<h3><strong>Les avantages du ZOLL AED PLUS<\/strong><\/h3>\n<ul>\n<li>Frais de maintenance tr\u00e8s bas<\/li>\n<li>Evaluation de la RCP en temps r\u00e9el (Real-time feedback)<\/li>\n<li>Disponible dans toutes les langues europ\u00e9ennes<\/li>\n<\/ul>\n<p><strong><span style=\"color: #008000;\">Contenu du colis :<\/span><br \/>\n<\/strong>&#8211; un d\u00e9fibrillateur Zoll AED Plus <strong>automatique<br \/>\n<\/strong>&#8211; une paire d\u2019\u00e9lectrodes Zoll CPR-D padz avec capteur RCP \u2013 5 ans (r\u00e9f. 8900-0815-01 = sans kit de 1ers secours).<br \/>\n&#8211; un lot de 10 piles non rechargeables (Duracell CR123 au lithium) \u2013 5 ans<br \/>\n&#8211; un sac de transport noir<br \/>\n&#8211; un mode d\u2019emploi en fran\u00e7ais<br \/>\n&#8211; une garantie de 5 ans + 2 ans suppl. apr\u00e8s inscription sur le site de Zoll<\/p>\n<table>\n<tbody>\n<tr>\n<td><b>Sp\u00e9cifications<\/b><\/td>\n<\/tr>\n<tr>\n<td><span style=\"font-weight: 400;\">mode de l\u2019appareil: version automatique<\/span><\/td>\n<\/tr>\n<tr>\n<td><span style=\"font-weight: 400;\">indice de protection: 55<\/span><\/td>\n<\/tr>\n<tr>\n<td><span style=\"font-weight: 400;\">dimensions: 13 cm x 24 cm x 29 cm<\/span><\/td>\n<\/tr>\n<tr>\n<td><span style=\"font-weight: 400;\">poids: 3,1 kg<\/span><\/td>\n<\/tr>\n<tr>\n<td><span style=\"font-weight: 400;\">m\u00e9tronome: oui<\/span><\/td>\n<\/tr>\n<tr>\n<td><span style=\"font-weight: 400;\">assistance au massage cardiaque (realtime Feedback): oui<\/span><\/td>\n<\/tr>\n<tr>\n<td><span style=\"font-weight: 400;\">dur\u00e9e de vie des batteries: 5 ans<\/span><\/td>\n<\/tr>\n<tr>\n<td><span style=\"font-weight: 400;\">dur\u00e9e de vie des \u00e9lectrodes pour adultes: 5 ans<\/span><\/td>\n<\/tr>\n<tr>\n<td><span style=\"font-weight: 400;\">dur\u00e9e de vie des \u00e9lectrodes p\u00e9diatriques: moins de 2 ans<\/span><\/td>\n<\/tr>\n<tr>\n<td><span style=\"font-weight: 400;\">niveau d\u2019\u00e9nergie d\u00e9livr\u00e9e (adultes): 120 \/ 150 \/ 200 joules<\/span><\/td>\n<\/tr>\n<tr>\n<td><span style=\"font-weight: 400;\">niveau d\u2019\u00e9nergie d\u00e9livr\u00e9 (p\u00e9diatriques): 50 \/ 85 joules<\/span><\/td>\n<\/tr>\n<tr>\n<td><span style=\"font-weight: 400;\">frais de maintenance: tr\u00e8s bas<\/span><\/td>\n<\/tr>\n<tr>\n<td><span style=\"font-weight: 400;\">fabrication: USA<\/span><\/td>\n<\/tr>\n<tr>\n<td><span style=\"font-weight: 400;\">marquage CE \/ certification FDA: oui<\/span><\/td>\n<\/tr>\n<\/tbody>\n<\/table>\n<p><a href=\"https:\/\/www.defibsolutions.fr\/wp-content\/uploads\/2019\/09\/ZOLL-AED-Plus-Automatique.pdf\">Manuel Zoll AED Plus automatique<\/a><\/p>\n<p><a href=\"https:\/\/www.defibsolutions.fr\/wp-content\/uploads\/2019\/09\/Zoll-AED-Plus-automatique-aper\u00e7u.pdf\">Aper\u00e7u Zoll AED Plus automatique<\/a><\/p>\n<p><a href=\"https:\/\/www.defibsolutions.fr\/wp-content\/uploads\/2019\/09\/aed-zoll-aed-interline.pdf\">Manuel Zoll AED Plus et Zoll AED3<\/a><\/p>\n<p><center><iframe loading=\"lazy\" src=\"https:\/\/www.youtube.com\/embed\/yK6zQC3VQHI\" width=\"840\" height=\"472\" frameborder=\"0\" allowfullscreen=\"allowfullscreen\"><\/iframe><\/center>\u00a0[\/vc_column_text][\/vc_column][\/vc_row]<\/p>\n<\/div>","protected":false},"excerpt":{"rendered":"<p>Prix sur demande<\/p>\n","protected":false},"featured_media":2825,"template":"","meta":[],"product_brand":[],"product_cat":[64,320,394,72,88],"product_tag":[],"class_list":{"0":"post-2824","1":"product","2":"type-product","3":"status-publish","4":"has-post-thumbnail","6":"product_cat-dae-defibrillateurs","7":"product_cat-grille-tarifaire","8":"product_cat-promo-aed","9":"product_cat-zoll","10":"product_cat-zoll-aeds","11":"pa_fabricant-zoll","13":"first","14":"instock","15":"taxable","16":"shipping-taxable","17":"purchasable","18":"product-type-simple"},"bundled_by":[],"bundle_stock_status":"instock","bundle_stock_quantity":null,"bundle_virtual":false,"bundle_layout":"","bundle_add_to_cart_form_location":"","bundle_editable_in_cart":false,"bundle_sold_individually_context":"","bundle_item_grouping":"","bundle_min_size":"","bundle_max_size":"","bundle_price":[],"bundled_items":[],"bundle_sell_ids":[],"_links":{"self":[{"href":"https:\/\/www.defibsolutions.fr\/boutique\/wp-json\/wp\/v2\/product\/2824","targetHints":{"allow":["GET"]}}],"collection":[{"href":"https:\/\/www.defibsolutions.fr\/boutique\/wp-json\/wp\/v2\/product"}],"about":[{"href":"https:\/\/www.defibsolutions.fr\/boutique\/wp-json\/wp\/v2\/types\/product"}],"wp:featuredmedia":[{"embeddable":true,"href":"https:\/\/www.defibsolutions.fr\/boutique\/wp-json\/wp\/v2\/media\/2825"}],"wp:attachment":[{"href":"https:\/\/www.defibsolutions.fr\/boutique\/wp-json\/wp\/v2\/media?parent=2824"}],"wp:term":[{"taxonomy":"product_brand","embeddable":true,"href":"https:\/\/www.defibsolutions.fr\/boutique\/wp-json\/wp\/v2\/product_brand?post=2824"},{"taxonomy":"product_cat","embeddable":true,"href":"https:\/\/www.defibsolutions.fr\/boutique\/wp-json\/wp\/v2\/product_cat?post=2824"},{"taxonomy":"product_tag","embeddable":true,"href":"https:\/\/www.defibsolutions.fr\/boutique\/wp-json\/wp\/v2\/product_tag?post=2824"}],"curies":[{"name":"wp","href":"https:\/\/api.w.org\/{rel}","templated":true}]}}