{"id":2814,"date":"2019-07-11T12:48:39","date_gmt":"2019-07-11T10:48:39","guid":{"rendered":"http:\/\/bhvvoordeelw.dded11d.satserver.nl\/product\/lifepak-cr-kinder-elektrodenset\/"},"modified":"2025-04-09T17:11:48","modified_gmt":"2025-04-09T15:11:48","slug":"lifepak-cr-plus-electrodes-de-formation-pediatriques","status":"publish","type":"product","link":"https:\/\/www.defibsolutions.fr\/boutique\/shop\/lifepak-cr-plus-electrodes-de-formation-pediatriques\/","title":{"rendered":"Physio Control Lifepak CR Plus Set d&#8217;\u00e9lectrodes de formation p\u00e9diatriques (5 paires)"},"content":{"rendered":"<p>Un ensemble d\u2019\u00e9lectrodes de formation p\u00e9diatrique pour le d\u00e9fibrillateur de formation Lifepak CR Plus.<\/p>\n<p><strong>Cet ensemble contient :<\/strong><\/p>\n<ul>\n<li>un c\u00e2ble<\/li>\n<li>5 paires\u00a0 \u00e9lectrodes de formation p\u00e9diatriques<\/li>\n<\/ul>\n","protected":false},"excerpt":{"rendered":"<p>Un ensemble d\u2019\u00e9lectrodes de formation p\u00e9diatrique pour le d\u00e9fibrillateur de formation Lifepak CR Plus. Cet ensemble contient : un c\u00e2ble<\/p>\n","protected":false},"featured_media":4452,"template":"","meta":[],"product_brand":[],"product_cat":[243,262],"product_tag":[],"class_list":{"0":"post-2814","1":"product","2":"type-product","3":"status-publish","4":"has-post-thumbnail","6":"product_cat-consommables-trainers","7":"product_cat-physio-control-electrodes-de-formation","8":"pa_fabricant-physio-control","10":"first","11":"instock","12":"taxable","13":"shipping-taxable","14":"purchasable","15":"product-type-simple"},"bundled_by":[],"bundle_stock_status":"instock","bundle_stock_quantity":null,"bundle_virtual":false,"bundle_layout":"","bundle_add_to_cart_form_location":"","bundle_editable_in_cart":false,"bundle_sold_individually_context":"","bundle_item_grouping":"","bundle_min_size":"","bundle_max_size":"","bundle_price":[],"bundled_items":[],"bundle_sell_ids":[],"_links":{"self":[{"href":"https:\/\/www.defibsolutions.fr\/boutique\/wp-json\/wp\/v2\/product\/2814","targetHints":{"allow":["GET"]}}],"collection":[{"href":"https:\/\/www.defibsolutions.fr\/boutique\/wp-json\/wp\/v2\/product"}],"about":[{"href":"https:\/\/www.defibsolutions.fr\/boutique\/wp-json\/wp\/v2\/types\/product"}],"wp:featuredmedia":[{"embeddable":true,"href":"https:\/\/www.defibsolutions.fr\/boutique\/wp-json\/wp\/v2\/media\/4452"}],"wp:attachment":[{"href":"https:\/\/www.defibsolutions.fr\/boutique\/wp-json\/wp\/v2\/media?parent=2814"}],"wp:term":[{"taxonomy":"product_brand","embeddable":true,"href":"https:\/\/www.defibsolutions.fr\/boutique\/wp-json\/wp\/v2\/product_brand?post=2814"},{"taxonomy":"product_cat","embeddable":true,"href":"https:\/\/www.defibsolutions.fr\/boutique\/wp-json\/wp\/v2\/product_cat?post=2814"},{"taxonomy":"product_tag","embeddable":true,"href":"https:\/\/www.defibsolutions.fr\/boutique\/wp-json\/wp\/v2\/product_tag?post=2814"}],"curies":[{"name":"wp","href":"https:\/\/api.w.org\/{rel}","templated":true}]}}