{"id":2801,"date":"2019-07-11T12:48:35","date_gmt":"2019-07-11T12:48:35","guid":{"rendered":"http:\/\/bhvvoordeelw.dded11d.satserver.nl\/product\/lifepak-cr2-trainingselektrodenset\/"},"modified":"2025-05-30T15:12:57","modified_gmt":"2025-05-30T13:12:57","slug":"lifepak-cr2-patchs-adhesifs-de-formation-5-paires","status":"publish","type":"product","link":"https:\/\/www.defibsolutions.fr\/boutique\/shop\/lifepak-cr2-patchs-adhesifs-de-formation-5-paires\/","title":{"rendered":"Physio Control Lifepak CR2 patchs adh\u00e9sifs de formation (5 paires)"},"content":{"rendered":"<p>Patchs adh\u00e9sifs de remplacement (lot de 5 paires) \u00e0 fixer sur les \u00e9lectrodes de formation adultes\/p\u00e9diatriques du trainer LIFEPAK CR2, quand les patchs adh\u00e9sifs de vos \u00e9lectrodes sont us\u00e9s et ne collent plus.<\/p>\n","protected":false},"excerpt":{"rendered":"<p>Patchs adh\u00e9sifs de remplacement (lot de 5 paires) \u00e0 fixer sur les \u00e9lectrodes de formation adultes\/p\u00e9diatriques du trainer LIFEPAK CR2,<\/p>\n","protected":false},"featured_media":4442,"template":"","meta":[],"product_brand":[],"product_cat":[243,262],"product_tag":[],"class_list":{"0":"post-2801","1":"product","2":"type-product","3":"status-publish","4":"has-post-thumbnail","6":"product_cat-consommables-trainers","7":"product_cat-physio-control-electrodes-de-formation","8":"pa_fabricant-physio-control","10":"first","11":"instock","12":"taxable","13":"shipping-taxable","14":"purchasable","15":"product-type-simple"},"bundled_by":[],"bundle_stock_status":"instock","bundle_stock_quantity":null,"bundle_virtual":false,"bundle_layout":"","bundle_add_to_cart_form_location":"","bundle_editable_in_cart":false,"bundle_sold_individually_context":"","bundle_item_grouping":"","bundle_min_size":"","bundle_max_size":"","bundle_price":[],"bundled_items":[],"bundle_sell_ids":[],"_links":{"self":[{"href":"https:\/\/www.defibsolutions.fr\/boutique\/wp-json\/wp\/v2\/product\/2801","targetHints":{"allow":["GET"]}}],"collection":[{"href":"https:\/\/www.defibsolutions.fr\/boutique\/wp-json\/wp\/v2\/product"}],"about":[{"href":"https:\/\/www.defibsolutions.fr\/boutique\/wp-json\/wp\/v2\/types\/product"}],"wp:featuredmedia":[{"embeddable":true,"href":"https:\/\/www.defibsolutions.fr\/boutique\/wp-json\/wp\/v2\/media\/4442"}],"wp:attachment":[{"href":"https:\/\/www.defibsolutions.fr\/boutique\/wp-json\/wp\/v2\/media?parent=2801"}],"wp:term":[{"taxonomy":"product_brand","embeddable":true,"href":"https:\/\/www.defibsolutions.fr\/boutique\/wp-json\/wp\/v2\/product_brand?post=2801"},{"taxonomy":"product_cat","embeddable":true,"href":"https:\/\/www.defibsolutions.fr\/boutique\/wp-json\/wp\/v2\/product_cat?post=2801"},{"taxonomy":"product_tag","embeddable":true,"href":"https:\/\/www.defibsolutions.fr\/boutique\/wp-json\/wp\/v2\/product_tag?post=2801"}],"curies":[{"name":"wp","href":"https:\/\/api.w.org\/{rel}","templated":true}]}}