{"id":2795,"date":"2019-07-11T12:48:35","date_gmt":"2019-07-11T10:48:35","guid":{"rendered":"http:\/\/bhvvoordeelw.dded11d.satserver.nl\/product\/lifepak-cr2-elektroden-quick-step\/"},"modified":"2026-03-04T17:36:43","modified_gmt":"2026-03-04T15:36:43","slug":"physio-control-lifepak-cr2-electrodes","status":"publish","type":"product","link":"https:\/\/www.defibsolutions.fr\/boutique\/shop\/physio-control-lifepak-cr2-electrodes\/","title":{"rendered":"Physio Control Lifepak CR2 \u00e9lectrodes"},"content":{"rendered":"<p>Les \u00e9lectrodes pour le d\u00e9fibrillateur Lifepack CR2.<br \/>\nCes \u00e9lectrodes ont une dur\u00e9e de vie de 3,5 \u00e0 4 ans et peuvent \u00eatre utilis\u00e9es sur les adultes et les enfants.<\/p>\n","protected":false},"excerpt":{"rendered":"<p>Physio-control Lifepak CR2 \u00e9lectrodes pour enfants et adultes.<\/p>\n","protected":false},"featured_media":2796,"template":"","meta":[],"product_brand":[],"product_cat":[263,320,237],"product_tag":[],"class_list":{"0":"post-2795","1":"product","2":"type-product","3":"status-publish","4":"has-post-thumbnail","6":"product_cat-accessoires-dae","7":"product_cat-grille-tarifaire","8":"product_cat-lifepak-cr-2-accessoiries","9":"pa_fabricant-physio-control","11":"first","12":"instock","13":"taxable","14":"shipping-taxable","15":"purchasable","16":"product-type-simple"},"bundled_by":[],"bundle_stock_status":"instock","bundle_stock_quantity":null,"bundle_virtual":false,"bundle_layout":"","bundle_add_to_cart_form_location":"","bundle_editable_in_cart":false,"bundle_sold_individually_context":"","bundle_item_grouping":"","bundle_min_size":"","bundle_max_size":"","bundle_price":[],"bundled_items":[],"bundle_sell_ids":[],"_links":{"self":[{"href":"https:\/\/www.defibsolutions.fr\/boutique\/wp-json\/wp\/v2\/product\/2795","targetHints":{"allow":["GET"]}}],"collection":[{"href":"https:\/\/www.defibsolutions.fr\/boutique\/wp-json\/wp\/v2\/product"}],"about":[{"href":"https:\/\/www.defibsolutions.fr\/boutique\/wp-json\/wp\/v2\/types\/product"}],"wp:featuredmedia":[{"embeddable":true,"href":"https:\/\/www.defibsolutions.fr\/boutique\/wp-json\/wp\/v2\/media\/2796"}],"wp:attachment":[{"href":"https:\/\/www.defibsolutions.fr\/boutique\/wp-json\/wp\/v2\/media?parent=2795"}],"wp:term":[{"taxonomy":"product_brand","embeddable":true,"href":"https:\/\/www.defibsolutions.fr\/boutique\/wp-json\/wp\/v2\/product_brand?post=2795"},{"taxonomy":"product_cat","embeddable":true,"href":"https:\/\/www.defibsolutions.fr\/boutique\/wp-json\/wp\/v2\/product_cat?post=2795"},{"taxonomy":"product_tag","embeddable":true,"href":"https:\/\/www.defibsolutions.fr\/boutique\/wp-json\/wp\/v2\/product_tag?post=2795"}],"curies":[{"name":"wp","href":"https:\/\/api.w.org\/{rel}","templated":true}]}}