{"id":2784,"date":"2019-07-11T12:48:35","date_gmt":"2019-07-11T10:48:35","guid":{"rendered":"http:\/\/bhvvoordeelw.dded11d.satserver.nl\/product\/lithium-9v-batterij-voor-lifeline-batterij\/"},"modified":"2025-03-14T08:46:03","modified_gmt":"2025-03-14T06:46:03","slug":"defibtech-lifeline-batterie-2","status":"publish","type":"product","link":"https:\/\/www.defibsolutions.fr\/boutique\/shop\/defibtech-lifeline-batterie-2\/","title":{"rendered":"Defibtech Lifeline Batterie au lithium 9V"},"content":{"rendered":"<div class=\"pre\"><strong>Defibtech\u00a0Lifeline Pile\u00a0au lithium 9V<\/strong><\/div>\n<div class=\"pre\">Pile au lithium de 9 volts servant \u00e0 alimenter l&#8217;indicateur d&#8217;\u00e9tat actif.\u00a0La pile de 9 volts doit \u00eatre ins\u00e9r\u00e9e dans le bloc-piles (batterie) du\u00a0d\u00e9fibrillateur Defibtech\u00a0Lifeline. La dur\u00e9e de vie de la pile est d&#8217;environ un an (install\u00e9e dans le DAE).<\/div>\n","protected":false},"excerpt":{"rendered":"<p><span style=\"font-weight: 400;\">Defibtech Lifeline Batterie au lithium 9V<\/span><\/p>\n","protected":false},"featured_media":2785,"template":"","meta":[],"product_brand":[],"product_cat":[263,65,66],"product_tag":[],"class_list":{"0":"post-2784","1":"product","2":"type-product","3":"status-publish","4":"has-post-thumbnail","6":"product_cat-accessoires-dae","7":"product_cat-defibtech","8":"product_cat-lifeline-aed-accessoires","9":"pa_fabricant-defibtech","11":"first","12":"instock","13":"taxable","14":"shipping-taxable","15":"purchasable","16":"product-type-simple"},"bundled_by":[],"bundle_stock_status":"instock","bundle_stock_quantity":null,"bundle_virtual":false,"bundle_layout":"","bundle_add_to_cart_form_location":"","bundle_editable_in_cart":false,"bundle_sold_individually_context":"","bundle_item_grouping":"","bundle_min_size":"","bundle_max_size":"","bundle_price":[],"bundled_items":[],"bundle_sell_ids":[],"_links":{"self":[{"href":"https:\/\/www.defibsolutions.fr\/boutique\/wp-json\/wp\/v2\/product\/2784","targetHints":{"allow":["GET"]}}],"collection":[{"href":"https:\/\/www.defibsolutions.fr\/boutique\/wp-json\/wp\/v2\/product"}],"about":[{"href":"https:\/\/www.defibsolutions.fr\/boutique\/wp-json\/wp\/v2\/types\/product"}],"wp:featuredmedia":[{"embeddable":true,"href":"https:\/\/www.defibsolutions.fr\/boutique\/wp-json\/wp\/v2\/media\/2785"}],"wp:attachment":[{"href":"https:\/\/www.defibsolutions.fr\/boutique\/wp-json\/wp\/v2\/media?parent=2784"}],"wp:term":[{"taxonomy":"product_brand","embeddable":true,"href":"https:\/\/www.defibsolutions.fr\/boutique\/wp-json\/wp\/v2\/product_brand?post=2784"},{"taxonomy":"product_cat","embeddable":true,"href":"https:\/\/www.defibsolutions.fr\/boutique\/wp-json\/wp\/v2\/product_cat?post=2784"},{"taxonomy":"product_tag","embeddable":true,"href":"https:\/\/www.defibsolutions.fr\/boutique\/wp-json\/wp\/v2\/product_tag?post=2784"}],"curies":[{"name":"wp","href":"https:\/\/api.w.org\/{rel}","templated":true}]}}