{"id":2776,"date":"2019-07-11T12:48:35","date_gmt":"2019-07-11T10:48:35","guid":{"rendered":"http:\/\/bhvvoordeelw.dded11d.satserver.nl\/product\/zoll-aed-3-draagtas\/"},"modified":"2025-03-14T08:46:08","modified_gmt":"2025-03-14T06:46:08","slug":"zoll-aed-3-sac-de-transport","status":"publish","type":"product","link":"https:\/\/www.defibsolutions.fr\/boutique\/shop\/zoll-aed-3-sac-de-transport\/","title":{"rendered":"Zoll AED 3 sac de transport semi-rigide"},"content":{"rendered":"<p>En plus du ZOLL AED 3 avec des \u00e9lectrodes CPR Uni-padz pr\u00e9connect\u00e9es, le sac de transport standard peut \u00e9galement contenir un jeu d\u2019\u00e9lectrodes CPR Uni-padz de secours.<\/p>\n<p>Le sac n&#8217;est pas fourni en standard avec le d\u00e9fibrillateur.<\/p>\n","protected":false},"excerpt":{"rendered":"<p>Sac de transport pour le d\u00e9fibrillateur Zoll AED 3<\/p>\n","protected":false},"featured_media":2777,"template":"","meta":[],"product_brand":[],"product_cat":[263,80,72],"product_tag":[],"class_list":{"0":"post-2776","1":"product","2":"type-product","3":"status-publish","4":"has-post-thumbnail","6":"product_cat-accessoires-dae","7":"product_cat-zoll-aed-3-accessoires","8":"product_cat-zoll","9":"pa_fabricant-zoll","11":"first","12":"instock","13":"taxable","14":"shipping-taxable","15":"purchasable","16":"product-type-simple"},"bundled_by":[],"bundle_stock_status":"instock","bundle_stock_quantity":null,"bundle_virtual":false,"bundle_layout":"","bundle_add_to_cart_form_location":"","bundle_editable_in_cart":false,"bundle_sold_individually_context":"","bundle_item_grouping":"","bundle_min_size":"","bundle_max_size":"","bundle_price":[],"bundled_items":[],"bundle_sell_ids":[],"_links":{"self":[{"href":"https:\/\/www.defibsolutions.fr\/boutique\/wp-json\/wp\/v2\/product\/2776","targetHints":{"allow":["GET"]}}],"collection":[{"href":"https:\/\/www.defibsolutions.fr\/boutique\/wp-json\/wp\/v2\/product"}],"about":[{"href":"https:\/\/www.defibsolutions.fr\/boutique\/wp-json\/wp\/v2\/types\/product"}],"wp:featuredmedia":[{"embeddable":true,"href":"https:\/\/www.defibsolutions.fr\/boutique\/wp-json\/wp\/v2\/media\/2777"}],"wp:attachment":[{"href":"https:\/\/www.defibsolutions.fr\/boutique\/wp-json\/wp\/v2\/media?parent=2776"}],"wp:term":[{"taxonomy":"product_brand","embeddable":true,"href":"https:\/\/www.defibsolutions.fr\/boutique\/wp-json\/wp\/v2\/product_brand?post=2776"},{"taxonomy":"product_cat","embeddable":true,"href":"https:\/\/www.defibsolutions.fr\/boutique\/wp-json\/wp\/v2\/product_cat?post=2776"},{"taxonomy":"product_tag","embeddable":true,"href":"https:\/\/www.defibsolutions.fr\/boutique\/wp-json\/wp\/v2\/product_tag?post=2776"}],"curies":[{"name":"wp","href":"https:\/\/api.w.org\/{rel}","templated":true}]}}