{"id":2772,"date":"2019-07-11T12:48:35","date_gmt":"2019-07-11T10:48:35","guid":{"rendered":"http:\/\/bhvvoordeelw.dded11d.satserver.nl\/product\/zoll-cpr-uni-padz\/"},"modified":"2025-03-14T08:46:08","modified_gmt":"2025-03-14T06:46:08","slug":"zoll-cpr-uni-padz","status":"publish","type":"product","link":"https:\/\/www.defibsolutions.fr\/boutique\/shop\/zoll-cpr-uni-padz\/","title":{"rendered":"Zoll AED 3 CPR Uni-Padz"},"content":{"rendered":"<p><span style=\"font-weight: 400;\">Les \u00e9lectrodes Uni-padz ne conviennent que pour le d\u00e9fibrillateur ZOLL AED 3 et ont un<\/span><span style=\"font-weight: 400;\">e validit\u00e9 <\/span><span style=\"font-weight: 400;\">de 5 ans apr\u00e8s fabrication. Vous n\u2019avez pas besoin d\u2019\u00e9lectrodes p\u00e9diatriques. Le ZOLL AED 3 dispose d\u2019un bouton pour enfants, ce qui signifie que le protocole du d\u00e9fibrillateur est ajust\u00e9 imm\u00e9diatement.\u00a0<\/span><\/p>\n<p>Si vous recherchez les \u00e9lectrodes du ZOLL AED Plus, <a href=\"https:\/\/www.defibsolutions.fr\/product\/zoll-cpr-d-electrodes\/\">cliquez ici<\/a>.<\/p>\n<p><span style=\"font-weight: 400;\">Les CPR Uni Padz sont pr\u00e9-connect\u00e9es au ZOLL AED 3 pour une utilisation rapide. Avec ces \u00e9lectrodes, le sauveteur obtient des conseils pour le placement des mains et re\u00e7oit une \u00e9valuation de la fr\u00e9quence et<\/span><span style=\"font-weight: 400;\"> la profondeur d<\/span><span style=\"font-weight: 400;\">es compressions (Real CPR Help). Le ZOLL AED 3 convertit les donn\u00e9es de compression directement des \u00e9lectrodes. Cela permet au sauveteur <\/span><span style=\"font-weight: 400;\">d\u2019ajuster ses compressions si le d\u00e9fibrillateur l&#8217;indique. Par exemple, en disant: \u201cappuyer plus fort\u201d.\u00a0<\/span><\/p>\n<p><span style=\"font-weight: 400;\">La profondeur des compressions est \u00e9galement affich\u00e9e sur l&#8217;\u00e9cran du d\u00e9fibrillateur.\u00a0\u00a0<\/span><\/p>\n<p><span style=\"font-weight: 400;\">Pour les enfants la profondeur <\/span><span style=\"font-weight: 400;\">des compressions\u00a0 d\u00e9pend de la taille de l&#8217;enfant. L&#8217;\u00e9valuation de la r\u00e9animation est d\u00e9sactiv\u00e9e pour les enfants.\u00a0<\/span><\/p>\n","protected":false},"excerpt":{"rendered":"<p>Uni-padz pour le d\u00e9fibrillateur Zoll AED 3\u00a0 (pour adultes et enfants)<\/p>\n","protected":false},"featured_media":2773,"template":"","meta":[],"product_brand":[],"product_cat":[263,80,320,72],"product_tag":[],"class_list":{"0":"post-2772","1":"product","2":"type-product","3":"status-publish","4":"has-post-thumbnail","6":"product_cat-accessoires-dae","7":"product_cat-zoll-aed-3-accessoires","8":"product_cat-grille-tarifaire","9":"product_cat-zoll","10":"pa_fabricant-zoll","12":"first","13":"instock","14":"taxable","15":"shipping-taxable","16":"purchasable","17":"product-type-simple"},"bundled_by":[],"bundle_stock_status":"instock","bundle_stock_quantity":null,"bundle_virtual":false,"bundle_layout":"","bundle_add_to_cart_form_location":"","bundle_editable_in_cart":false,"bundle_sold_individually_context":"","bundle_item_grouping":"","bundle_min_size":"","bundle_max_size":"","bundle_price":[],"bundled_items":[],"bundle_sell_ids":[],"_links":{"self":[{"href":"https:\/\/www.defibsolutions.fr\/boutique\/wp-json\/wp\/v2\/product\/2772","targetHints":{"allow":["GET"]}}],"collection":[{"href":"https:\/\/www.defibsolutions.fr\/boutique\/wp-json\/wp\/v2\/product"}],"about":[{"href":"https:\/\/www.defibsolutions.fr\/boutique\/wp-json\/wp\/v2\/types\/product"}],"wp:featuredmedia":[{"embeddable":true,"href":"https:\/\/www.defibsolutions.fr\/boutique\/wp-json\/wp\/v2\/media\/2773"}],"wp:attachment":[{"href":"https:\/\/www.defibsolutions.fr\/boutique\/wp-json\/wp\/v2\/media?parent=2772"}],"wp:term":[{"taxonomy":"product_brand","embeddable":true,"href":"https:\/\/www.defibsolutions.fr\/boutique\/wp-json\/wp\/v2\/product_brand?post=2772"},{"taxonomy":"product_cat","embeddable":true,"href":"https:\/\/www.defibsolutions.fr\/boutique\/wp-json\/wp\/v2\/product_cat?post=2772"},{"taxonomy":"product_tag","embeddable":true,"href":"https:\/\/www.defibsolutions.fr\/boutique\/wp-json\/wp\/v2\/product_tag?post=2772"}],"curies":[{"name":"wp","href":"https:\/\/api.w.org\/{rel}","templated":true}]}}