{"id":2763,"date":"2019-07-11T12:48:31","date_gmt":"2019-07-11T10:48:31","guid":{"rendered":"http:\/\/bhvvoordeelw.dded11d.satserver.nl\/product\/zoll-aed-plus-batterijen\/"},"modified":"2026-04-16T13:24:21","modified_gmt":"2026-04-16T11:24:21","slug":"zoll-aed-plus-piles","status":"publish","type":"product","link":"https:\/\/www.defibsolutions.fr\/boutique\/shop\/zoll-aed-plus-piles\/","title":{"rendered":"Zoll AED Plus lot de 10 piles originales"},"content":{"rendered":"<p>Les batteries de Zoll sont des batteries ordinaires (CR123) que nous vendons par lot de 10 piles. En ouvrant le couvercle \u00e0 l&#8217;arri\u00e8re du d\u00e9fibrillateur (avec une pi\u00e8ce de monnaie) vous pouvez facilement remplacer les batteries vous-m\u00eame. Attendez que le d\u00e9fibrillateur indique: &#8220;Appuyez sur le bouton si les batteries sont neuves&#8221;. Ensuite, appuyez sur le bouton entre les 2 rang\u00e9es de batteries. Vous pouvez refermer le couvercle et le d\u00e9fibrillateur est pr\u00eat \u00e0 l&#8217;emploi .<\/p>\n<p>Les \u00e9lectrodes du Zoll AED Plus ont \u00e9galement une validit\u00e9 de\u00a0 5 ans. Nous vous recommandons de les remplacer en m\u00eame temps.<\/p>\n","protected":false},"excerpt":{"rendered":"<p>Batteries pour le d\u00e9fibrillateur Zoll AED Plus<\/p>\n","protected":false},"featured_media":2764,"template":"","meta":[],"product_brand":[],"product_cat":[263,79,72],"product_tag":[],"class_list":{"0":"post-2763","1":"product","2":"type-product","3":"status-publish","4":"has-post-thumbnail","6":"product_cat-accessoires-dae","7":"product_cat-zoll-aed-plus-accessoires","8":"product_cat-zoll","9":"pa_fabricant-zoll","11":"first","12":"instock","13":"taxable","14":"shipping-taxable","15":"product-type-simple"},"bundled_by":[],"bundle_stock_status":"instock","bundle_stock_quantity":null,"bundle_virtual":false,"bundle_layout":"","bundle_add_to_cart_form_location":"","bundle_editable_in_cart":false,"bundle_sold_individually_context":"","bundle_item_grouping":"","bundle_min_size":"","bundle_max_size":"","bundle_price":[],"bundled_items":[],"bundle_sell_ids":[],"_links":{"self":[{"href":"https:\/\/www.defibsolutions.fr\/boutique\/wp-json\/wp\/v2\/product\/2763","targetHints":{"allow":["GET"]}}],"collection":[{"href":"https:\/\/www.defibsolutions.fr\/boutique\/wp-json\/wp\/v2\/product"}],"about":[{"href":"https:\/\/www.defibsolutions.fr\/boutique\/wp-json\/wp\/v2\/types\/product"}],"wp:featuredmedia":[{"embeddable":true,"href":"https:\/\/www.defibsolutions.fr\/boutique\/wp-json\/wp\/v2\/media\/2764"}],"wp:attachment":[{"href":"https:\/\/www.defibsolutions.fr\/boutique\/wp-json\/wp\/v2\/media?parent=2763"}],"wp:term":[{"taxonomy":"product_brand","embeddable":true,"href":"https:\/\/www.defibsolutions.fr\/boutique\/wp-json\/wp\/v2\/product_brand?post=2763"},{"taxonomy":"product_cat","embeddable":true,"href":"https:\/\/www.defibsolutions.fr\/boutique\/wp-json\/wp\/v2\/product_cat?post=2763"},{"taxonomy":"product_tag","embeddable":true,"href":"https:\/\/www.defibsolutions.fr\/boutique\/wp-json\/wp\/v2\/product_tag?post=2763"}],"curies":[{"name":"wp","href":"https:\/\/api.w.org\/{rel}","templated":true}]}}