{"id":2758,"date":"2019-07-11T12:48:31","date_gmt":"2019-07-11T10:48:31","guid":{"rendered":"http:\/\/bhvvoordeelw.dded11d.satserver.nl\/product\/zoll-kinderelektroden\/"},"modified":"2025-03-14T08:46:08","modified_gmt":"2025-03-14T06:46:08","slug":"zoll-aed-plus-electrodes-pediatriques","status":"publish","type":"product","link":"https:\/\/www.defibsolutions.fr\/boutique\/shop\/zoll-aed-plus-electrodes-pediatriques\/","title":{"rendered":"Zoll Pedi-Padz ll \u00e9lectrodes p\u00e9diatriques"},"content":{"rendered":"<p>Les \u00e9lectrodes p\u00e9diatriques de Zoll sont pour enfants de moins de 8 ans ou moins de 25 kg. Le protocole de r\u00e9animation est ajust\u00e9 par ces \u00e9lectrodes p\u00e9diatriques.<\/p>\n<p>La validit\u00e9 des \u00e9lectrodes p\u00e9diatriques est de 1,5 \u00e0 2 ans.<\/p>\n<p>Convient pour:<\/p>\n<ul>\n<li>le d\u00e9fibrillateur Zoll AED Plus<\/li>\n<li>le d\u00e9fibrillateur Zoll AED Pro<\/li>\n<\/ul>\n","protected":false},"excerpt":{"rendered":"<p>Electrodes pour enfants<\/p>\n","protected":false},"featured_media":2759,"template":"","meta":[],"product_brand":[],"product_cat":[263,79,72,73],"product_tag":[],"class_list":{"0":"post-2758","1":"product","2":"type-product","3":"status-publish","4":"has-post-thumbnail","6":"product_cat-accessoires-dae","7":"product_cat-zoll-aed-plus-accessoires","8":"product_cat-zoll","9":"product_cat-zoll-aed-pro-accessoires","10":"pa_fabricant-zoll","12":"first","13":"instock","14":"taxable","15":"shipping-taxable","16":"purchasable","17":"product-type-simple"},"bundled_by":[],"bundle_stock_status":"instock","bundle_stock_quantity":null,"bundle_virtual":false,"bundle_layout":"","bundle_add_to_cart_form_location":"","bundle_editable_in_cart":false,"bundle_sold_individually_context":"","bundle_item_grouping":"","bundle_min_size":"","bundle_max_size":"","bundle_price":[],"bundled_items":[],"bundle_sell_ids":[],"_links":{"self":[{"href":"https:\/\/www.defibsolutions.fr\/boutique\/wp-json\/wp\/v2\/product\/2758","targetHints":{"allow":["GET"]}}],"collection":[{"href":"https:\/\/www.defibsolutions.fr\/boutique\/wp-json\/wp\/v2\/product"}],"about":[{"href":"https:\/\/www.defibsolutions.fr\/boutique\/wp-json\/wp\/v2\/types\/product"}],"wp:featuredmedia":[{"embeddable":true,"href":"https:\/\/www.defibsolutions.fr\/boutique\/wp-json\/wp\/v2\/media\/2759"}],"wp:attachment":[{"href":"https:\/\/www.defibsolutions.fr\/boutique\/wp-json\/wp\/v2\/media?parent=2758"}],"wp:term":[{"taxonomy":"product_brand","embeddable":true,"href":"https:\/\/www.defibsolutions.fr\/boutique\/wp-json\/wp\/v2\/product_brand?post=2758"},{"taxonomy":"product_cat","embeddable":true,"href":"https:\/\/www.defibsolutions.fr\/boutique\/wp-json\/wp\/v2\/product_cat?post=2758"},{"taxonomy":"product_tag","embeddable":true,"href":"https:\/\/www.defibsolutions.fr\/boutique\/wp-json\/wp\/v2\/product_tag?post=2758"}],"curies":[{"name":"wp","href":"https:\/\/api.w.org\/{rel}","templated":true}]}}