{"id":2755,"date":"2019-07-11T12:48:31","date_gmt":"2019-07-11T10:48:31","guid":{"rendered":"http:\/\/bhvvoordeelw.dded11d.satserver.nl\/product\/zoll-stat-padz-ii-elektroden\/"},"modified":"2025-03-14T08:46:08","modified_gmt":"2025-03-14T06:46:08","slug":"zoll-stat-padz-ii-electrodes","status":"publish","type":"product","link":"https:\/\/www.defibsolutions.fr\/boutique\/shop\/zoll-stat-padz-ii-electrodes\/","title":{"rendered":"Zoll Stat-Padz II \u00e9lectrodes"},"content":{"rendered":"<p><span style=\"font-weight: 400;\">Les \u00e9lectrodes Zoll <\/span><span style=\"font-weight: 400;\">Stat-Padz II<\/span> <span style=\"font-weight: 400;\">\u00a0se composent de 2 \u00e9lectrodes s\u00e9par\u00e9es. Il\u00a0 n&#8217;a pas de capteur, avec pour cons\u00e9quence qu\u2019il n\u2019y a pas d&#8217;\u00e9valuation en temps r\u00e9el de la r\u00e9animation.<br \/>\nC&#8217;est pourquoi ces \u00e9lectrodes so<\/span><span style=\"font-weight: 400;\">nt destin\u00e9es pour<\/span><span style=\"font-weight: 400;\"> le sauveteur avec exp\u00e9rience en r\u00e9animation.\u00a0<\/span><\/p>\n<p>\u00c9lectrodes Stat-Padz II pour le d\u00e9fibrillateur Zoll AED Plus et Zoll AED Pro.<\/p>\n<p>Dur\u00e9e de vie: 1,5 &#8211; 2 ans<\/p>\n","protected":false},"excerpt":{"rendered":"<p>\u00c9lectrodes Stat-Padz II pour le d\u00e9fibrillateur Zoll AED Plus et Zoll AED Pro.<\/p>\n","protected":false},"featured_media":2756,"template":"","meta":[],"product_brand":[],"product_cat":[263,79,320,72,73],"product_tag":[],"class_list":{"0":"post-2755","1":"product","2":"type-product","3":"status-publish","4":"has-post-thumbnail","6":"product_cat-accessoires-dae","7":"product_cat-zoll-aed-plus-accessoires","8":"product_cat-grille-tarifaire","9":"product_cat-zoll","10":"product_cat-zoll-aed-pro-accessoires","11":"pa_fabricant-zoll","13":"first","14":"instock","15":"taxable","16":"shipping-taxable","17":"purchasable","18":"product-type-simple"},"bundled_by":[],"bundle_stock_status":"instock","bundle_stock_quantity":null,"bundle_virtual":false,"bundle_layout":"","bundle_add_to_cart_form_location":"","bundle_editable_in_cart":false,"bundle_sold_individually_context":"","bundle_item_grouping":"","bundle_min_size":"","bundle_max_size":"","bundle_price":[],"bundled_items":[],"bundle_sell_ids":[],"_links":{"self":[{"href":"https:\/\/www.defibsolutions.fr\/boutique\/wp-json\/wp\/v2\/product\/2755","targetHints":{"allow":["GET"]}}],"collection":[{"href":"https:\/\/www.defibsolutions.fr\/boutique\/wp-json\/wp\/v2\/product"}],"about":[{"href":"https:\/\/www.defibsolutions.fr\/boutique\/wp-json\/wp\/v2\/types\/product"}],"wp:featuredmedia":[{"embeddable":true,"href":"https:\/\/www.defibsolutions.fr\/boutique\/wp-json\/wp\/v2\/media\/2756"}],"wp:attachment":[{"href":"https:\/\/www.defibsolutions.fr\/boutique\/wp-json\/wp\/v2\/media?parent=2755"}],"wp:term":[{"taxonomy":"product_brand","embeddable":true,"href":"https:\/\/www.defibsolutions.fr\/boutique\/wp-json\/wp\/v2\/product_brand?post=2755"},{"taxonomy":"product_cat","embeddable":true,"href":"https:\/\/www.defibsolutions.fr\/boutique\/wp-json\/wp\/v2\/product_cat?post=2755"},{"taxonomy":"product_tag","embeddable":true,"href":"https:\/\/www.defibsolutions.fr\/boutique\/wp-json\/wp\/v2\/product_tag?post=2755"}],"curies":[{"name":"wp","href":"https:\/\/api.w.org\/{rel}","templated":true}]}}