{"id":4200,"date":"2020-02-13T21:58:27","date_gmt":"2020-02-13T19:58:27","guid":{"rendered":"https:\/\/www.defibsolutions.fr\/?page_id=4200"},"modified":"2020-02-19T09:31:01","modified_gmt":"2020-02-19T07:31:01","slug":"revendeur-de-defibrillateurs","status":"publish","type":"page","link":"https:\/\/www.defibsolutions.fr\/boutique\/revendeur-de-defibrillateurs\/","title":{"rendered":"Revendeur de defibrillateurs"},"content":{"rendered":"<div class=\"wpb-content-wrapper\"><p>[vc_row][vc_column][vc_column_text text_larger=&#8221;no&#8221;]<strong>Comment devenir revendeur de d\u00e9fibrillateurs\u00a0?<\/strong><\/p>\n<p>Vous souhaitez vous lancez dans la vente de d\u00e9fibrillateurs cardiaques ou \u00e9largir votre gamme existante de d\u00e9fibrillateurs ?<\/p>\n<p>\u00c7a tombe bien : DefibSolutions, votre partenaire sant\u00e9-s\u00e9curit\u00e9, est expert en d\u00e9fibrillateurs cardiaques et en mat\u00e9riel de formation &amp; de premiers secours !<\/p>\n<p><strong>DefibSolutions c\u2019est un maximum d&#8217;avantages<\/strong><\/p>\n<ul>\n<li>acc\u00e8s \u00e0 un &#8220;espace revendeur&#8221; personnalis\u00e9 sur le site Web de DefibSolutions<\/li>\n<li>consultation en ligne de vos prix depuis votre PC, tablette ou t\u00e9l\u00e9phone portable<\/li>\n<li>remises avantageuses<\/li>\n<li>prix d\u00e9gressifs pour de grosses quantit\u00e9s ou des appels d\u2019offres sur demande<\/li>\n<li>pas de contrat annuel avec engagements de volume<\/li>\n<li>accompagnement marketing &amp; commercial, et support technique. Posez-nous toutes vos questions par mail via <a href=\"mailto:info@defibsolutions.fr\">info@defibsolutions.fr<\/a> ou par t\u00e9l\u00e9phone au +33 (0) 9 75 18 04 78<\/li>\n<li>passage des commandes en ligne, par mail ou par t\u00e9l\u00e9phone<\/li>\n<li>livraison UPS gratuite (des 250 \u20ac \/ 300.- CHF d&#8217;achat)<\/li>\n<li>lien UPS exp\u00e9di\u00e9 par mail vous permettant d\u2019\u00eatre inform\u00e9 sur le statut actuel, les retards impr\u00e9vus et la livraison de votre colis<\/li>\n<li>exp\u00e9dition directe chez vos clients faisable, avec votre propre BL dans le colis (n\u00b0 de s\u00e9rie du DAE et\/ou no de lot et date de p\u00e9remption des consommables transmis par mail)<\/li>\n<li>paiement en ligne s\u00e9curis\u00e9 ou possibilit\u00e9 de r\u00e9gler par virement bancaire<\/li>\n<li>facturation Hors Taxes possible si votre num\u00e9ro de TVA intracommunautaire est valide<\/li>\n<li>bulletins d\u2019information sur les nouveaux produits et les promotions<\/li>\n<\/ul>\n<p><strong>DefibSolutions c\u2019est un minimum d&#8217;engagements<\/strong><\/p>\n<ul>\n<li>promouvoir notre gamme de produits aupr\u00e8s de vos clients<\/li>\n<li>offrir une assistance technique et un service apr\u00e8s-vente \u00e0 vos clients<\/li>\n<li>respecter les obligations de signal\u00e9tique, de d\u00e9claration et de maintenance (un DAE doit \u00eatre facilement rep\u00e9rable, d\u00e9clar\u00e9, localisable, et surtout toujours op\u00e9rationnel)<\/li>\n<li>respecter la strat\u00e9gie d\u2019impl\u00e9mentation des DAE selon la logique du nombre, de d\u00e9lai d\u2019intervention des secours d\u2019urgence, et d\u2019accessibilit\u00e9<\/li>\n<li>assurer la tra\u00e7abilit\u00e9 du lieu d\u2019implantation de tous les d\u00e9fibrillateurs que vous vendez\/louez via leur n\u00b0 de s\u00e9rie (indispensable en cas de rappel constructeur ou alerte ANSM)<\/li>\n<\/ul>\n<p><strong>\u00a0<\/strong><strong>Devenez vite revendeur DefibSolutions\u00a0!<\/strong><\/p>\n<p>Si vous souhaitez devenir revendeur et connaitre nos conditions, remplissez vite le formulaire ci-dessous ! Nous reviendrons vers vous dans les plus brefs d\u00e9lais.[\/vc_column_text][\/vc_column][\/vc_row][vc_row][vc_column]<div class=\"wpforms-container wpforms-container-full\" id=\"wpforms-4211\"><form id=\"wpforms-form-4211\" class=\"wpforms-validate wpforms-form\" data-formid=\"4211\" method=\"post\" enctype=\"multipart\/form-data\" action=\"\/boutique\/wp-json\/wp\/v2\/pages\/4200\" data-token=\"82b972b214105f7ebe6158a9b5713318\" data-token-time=\"1776414673\"><noscript class=\"wpforms-error-noscript\">Veuillez activer JavaScript dans votre navigateur pour remplir ce formulaire.<\/noscript><div class=\"wpforms-field-container\"><div id=\"wpforms-4211-field_0-container\" class=\"wpforms-field wpforms-field-name\" data-field-id=\"0\"><label class=\"wpforms-field-label\">Nom <span class=\"wpforms-required-label\">*<\/span><\/label><div class=\"wpforms-field-row wpforms-field-medium\"><div class=\"wpforms-field-row-block wpforms-first wpforms-one-half\"><input type=\"text\" id=\"wpforms-4211-field_0\" class=\"wpforms-field-name-first wpforms-field-required\" name=\"wpforms[fields][0][first]\" required><label for=\"wpforms-4211-field_0\" class=\"wpforms-field-sublabel after\">Pr\u00e9nom<\/label><\/div><div class=\"wpforms-field-row-block wpforms-one-half\"><input type=\"text\" id=\"wpforms-4211-field_0-last\" class=\"wpforms-field-name-last wpforms-field-required\" name=\"wpforms[fields][0][last]\" required><label for=\"wpforms-4211-field_0-last\" class=\"wpforms-field-sublabel after\">Nom<\/label><\/div><\/div><\/div><div id=\"wpforms-4211-field_3-container\" class=\"wpforms-field wpforms-field-text\" data-field-id=\"3\"><label class=\"wpforms-field-label\" for=\"wpforms-4211-field_3\">Adresse<\/label><input type=\"text\" id=\"wpforms-4211-field_3\" class=\"wpforms-field-medium\" name=\"wpforms[fields][3]\" ><\/div><div id=\"wpforms-4211-field_4-container\" class=\"wpforms-field wpforms-field-text\" data-field-id=\"4\"><label class=\"wpforms-field-label\" for=\"wpforms-4211-field_4\">Code postal<\/label><input type=\"text\" id=\"wpforms-4211-field_4\" class=\"wpforms-field-medium\" name=\"wpforms[fields][4]\" ><\/div><div id=\"wpforms-4211-field_5-container\" class=\"wpforms-field wpforms-field-text\" data-field-id=\"5\"><label class=\"wpforms-field-label\" for=\"wpforms-4211-field_5\">Ville<\/label><input type=\"text\" id=\"wpforms-4211-field_5\" class=\"wpforms-field-medium\" name=\"wpforms[fields][5]\" ><\/div><div id=\"wpforms-4211-field_6-container\" class=\"wpforms-field wpforms-field-number\" data-field-id=\"6\"><label class=\"wpforms-field-label\" for=\"wpforms-4211-field_6\">T\u00e9l\u00e9phone <span class=\"wpforms-required-label\">*<\/span><\/label><input type=\"number\" id=\"wpforms-4211-field_6\" class=\"wpforms-field-medium wpforms-field-required\" name=\"wpforms[fields][6]\" step=\"any\" required><\/div><div id=\"wpforms-4211-field_1-container\" class=\"wpforms-field wpforms-field-email\" data-field-id=\"1\"><label class=\"wpforms-field-label\" for=\"wpforms-4211-field_1\">E-mail <span class=\"wpforms-required-label\">*<\/span><\/label><input type=\"email\" id=\"wpforms-4211-field_1\" class=\"wpforms-field-medium wpforms-field-required\" name=\"wpforms[fields][1]\" spellcheck=\"false\" required><\/div><div id=\"wpforms-4211-field_2-container\" class=\"wpforms-field wpforms-field-textarea\" data-field-id=\"2\"><label class=\"wpforms-field-label\" for=\"wpforms-4211-field_2\">Votre demande <span class=\"wpforms-required-label\">*<\/span><\/label><textarea id=\"wpforms-4211-field_2\" class=\"wpforms-field-medium wpforms-field-required\" name=\"wpforms[fields][2]\" required><\/textarea><\/div><\/div><!-- .wpforms-field-container --><div class=\"wpforms-field wpforms-field-hp\"><label for=\"wpforms-4211-field-hp\" class=\"wpforms-field-label\">Email<\/label><input type=\"text\" name=\"wpforms[hp]\" id=\"wpforms-4211-field-hp\" class=\"wpforms-field-medium\"><\/div><div class=\"wpforms-submit-container\" ><input type=\"hidden\" name=\"wpforms[id]\" value=\"4211\"><input type=\"hidden\" name=\"page_title\" value=\"\"><input type=\"hidden\" name=\"page_url\" value=\"https:\/\/www.defibsolutions.fr\/boutique\/wp-json\/wp\/v2\/pages\/4200\"><input type=\"hidden\" name=\"url_referer\" value=\"\"><button type=\"submit\" name=\"wpforms[submit]\" id=\"wpforms-submit-4211\" class=\"wpforms-submit\" data-alt-text=\"Envoi...\" data-submit-text=\"Envoyer\" aria-live=\"assertive\" value=\"wpforms-submit\">Envoyer<\/button><\/div><\/form><\/div>  <!-- .wpforms-container -->[\/vc_column][\/vc_row]<\/p>\n<\/div>","protected":false},"excerpt":{"rendered":"<p>[vc_row][vc_column][vc_column_text text_larger=&#8221;no&#8221;]Comment devenir revendeur de d\u00e9fibrillateurs\u00a0? Vous souhaitez vous lancez dans la vente de d\u00e9fibrillateurs cardiaques ou \u00e9largir votre gamme<\/p>\n","protected":false},"author":4,"featured_media":0,"parent":0,"menu_order":0,"comment_status":"closed","ping_status":"closed","template":"","meta":{"footnotes":""},"class_list":["post-4200","page","type-page","status-publish","hentry"],"_links":{"self":[{"href":"https:\/\/www.defibsolutions.fr\/boutique\/wp-json\/wp\/v2\/pages\/4200","targetHints":{"allow":["GET"]}}],"collection":[{"href":"https:\/\/www.defibsolutions.fr\/boutique\/wp-json\/wp\/v2\/pages"}],"about":[{"href":"https:\/\/www.defibsolutions.fr\/boutique\/wp-json\/wp\/v2\/types\/page"}],"author":[{"embeddable":true,"href":"https:\/\/www.defibsolutions.fr\/boutique\/wp-json\/wp\/v2\/users\/4"}],"replies":[{"embeddable":true,"href":"https:\/\/www.defibsolutions.fr\/boutique\/wp-json\/wp\/v2\/comments?post=4200"}],"version-history":[{"count":3,"href":"https:\/\/www.defibsolutions.fr\/boutique\/wp-json\/wp\/v2\/pages\/4200\/revisions"}],"predecessor-version":[{"id":4212,"href":"https:\/\/www.defibsolutions.fr\/boutique\/wp-json\/wp\/v2\/pages\/4200\/revisions\/4212"}],"wp:attachment":[{"href":"https:\/\/www.defibsolutions.fr\/boutique\/wp-json\/wp\/v2\/media?parent=4200"}],"curies":[{"name":"wp","href":"https:\/\/api.w.org\/{rel}","templated":true}]}}