{"id":3617,"date":"2019-08-22T11:02:58","date_gmt":"2019-08-22T11:02:58","guid":{"rendered":"https:\/\/www.defibsolutions.fr\/?page_id=3617"},"modified":"2019-08-26T10:36:04","modified_gmt":"2019-08-26T10:36:04","slug":"moyens-de-paiement","status":"publish","type":"page","link":"https:\/\/www.defibsolutions.fr\/boutique\/moyens-de-paiement\/","title":{"rendered":"Moyens de paiement"},"content":{"rendered":"\n<h2 class=\"wp-block-heading\">Moyens de paiement<\/h2>\n\n\n\n<p>Bien s\u00fbr, vous pouvez payer dans notre webshop avec les m\u00e9thodes de paiement les plus courantes tel que iDeal, Pay-Pal, CreditCard et Cartes Bancaires. Nous nous r\u00e9servons le droit de demander le paiement \u00e0 l&#8217;avance. Si vous avez des questions \u00e0 ce sujet, vous pouvez les poser par t\u00e9l\u00e9phone ou par mail.&nbsp;<\/p>\n\n\n\n<p>Num\u00e9ro de t\u00e9l\u00e9phone: +33 (0) 97 51 80 478<br>Mail: <a href=\"mailto:info@defibsolutions.nl\">info@defibsolutions.<\/a>fr<\/p>\n\n\n\n<p>Vous avez toujours le droit de retourner des articles. Consultez cette page pour plus d&#8217;informations: Livraison et retour.\u00a0<br><\/p>\n","protected":false},"excerpt":{"rendered":"<p>Moyens de paiement Bien s\u00fbr, vous pouvez payer dans notre webshop avec les m\u00e9thodes de paiement les plus courantes tel<\/p>\n","protected":false},"author":4,"featured_media":0,"parent":0,"menu_order":0,"comment_status":"closed","ping_status":"closed","template":"","meta":{"footnotes":""},"class_list":["post-3617","page","type-page","status-publish","hentry"],"_links":{"self":[{"href":"https:\/\/www.defibsolutions.fr\/boutique\/wp-json\/wp\/v2\/pages\/3617","targetHints":{"allow":["GET"]}}],"collection":[{"href":"https:\/\/www.defibsolutions.fr\/boutique\/wp-json\/wp\/v2\/pages"}],"about":[{"href":"https:\/\/www.defibsolutions.fr\/boutique\/wp-json\/wp\/v2\/types\/page"}],"author":[{"embeddable":true,"href":"https:\/\/www.defibsolutions.fr\/boutique\/wp-json\/wp\/v2\/users\/4"}],"replies":[{"embeddable":true,"href":"https:\/\/www.defibsolutions.fr\/boutique\/wp-json\/wp\/v2\/comments?post=3617"}],"version-history":[{"count":2,"href":"https:\/\/www.defibsolutions.fr\/boutique\/wp-json\/wp\/v2\/pages\/3617\/revisions"}],"predecessor-version":[{"id":3629,"href":"https:\/\/www.defibsolutions.fr\/boutique\/wp-json\/wp\/v2\/pages\/3617\/revisions\/3629"}],"wp:attachment":[{"href":"https:\/\/www.defibsolutions.fr\/boutique\/wp-json\/wp\/v2\/media?parent=3617"}],"curies":[{"name":"wp","href":"https:\/\/api.w.org\/{rel}","templated":true}]}}