{"id":3611,"date":"2019-08-22T09:31:05","date_gmt":"2019-08-22T09:31:05","guid":{"rendered":"https:\/\/www.defibsolutions.fr\/?page_id=3611"},"modified":"2020-02-18T10:52:03","modified_gmt":"2020-02-18T08:52:03","slug":"qui-sommes-nous","status":"publish","type":"page","link":"https:\/\/www.defibsolutions.fr\/boutique\/qui-sommes-nous\/","title":{"rendered":"Qui sommes nous?"},"content":{"rendered":"<div class=\"wpb-content-wrapper\"><p>[vc_row][vc_column][vc_column_text][\/vc_column_text][\/vc_column][\/vc_row][vc_row][vc_column][vc_column_text text_larger=&#8221;no&#8221;]<strong>Qui sommes-nous?<\/strong><\/p>\n<p>La soci\u00e9t\u00e9 DefibSolutions forte de 20 ans d\u2019exp\u00e9rience dans\u00a0:<\/p>\n<ul>\n<li>le service d\u2019aide m\u00e9dicale d\u2019urgence<\/li>\n<li>le sauvetage &amp; le secourisme<\/li>\n<li>la formation SST \/ BLS-AED \/ Incendie et premiers secours<\/li>\n<\/ul>\n<p>a pour ambition de sensibiliser le grand public \u00e0 l&#8217;urgence de sauver les vies de victimes d\u2019Arr\u00eat Cardiaque Soudain (ACS), en mettant \u00e0 sa disposition des D\u00e9fibrillateurs Automatiques Externes (DAE) fiables et facile \u00e0 utiliser.<\/p>\n<p>Tout t\u00e9moin d\u2019un arr\u00eat cardiaque peut sauver une vie. Pourquoi pas vous\u00a0?<\/p>\n<p>En plus des DAE de plusieurs grandes marques, DefibSolutions vous propose \u00e9galement\u00a0:<\/p>\n<ul>\n<li>des consommables pour DAE (\u00e9lectrodes et batteries)<\/li>\n<li>des accessoires pour DAE (sac, coffret\/support mural, valise de chantier, signal\u00e9tique)<\/li>\n<li>du mat\u00e9riel de formation si vous \u00eates formateur (DAE de formation, mannequins).<\/li>\n<\/ul>\n<p>Vous trouverez sur notre site la gamme compl\u00e8te de nos produits.<\/p>\n<p>Si vous avez des questions ou si vous souhaitez obtenir un devis gratuit, n\u2019h\u00e9sitez pas \u00e0 exp\u00e9dier votre demande par mail \u00e0 <a href=\"mailto:info@defibsolutions.fr\">info@defibsolutions.fr<\/a> ou \u00e0 nous contacter par t\u00e9l\u00e9phone au +33 (0)9 75 18 04 78.<\/p>\n<p>DefibSolutions est distributeur agr\u00e9\u00e9 ZOLL[\/vc_column_text][\/vc_column][\/vc_row][vc_row][vc_column][vc_single_image image=&#8221;4197&#8243; parallax_scroll=&#8221;no&#8221;][\/vc_column][\/vc_row][vc_row][vc_column][vc_column_text][\/vc_column_text][\/vc_column][\/vc_row]<\/p>\n<\/div>","protected":false},"excerpt":{"rendered":"<p>[vc_row][vc_column][vc_column_text][\/vc_column_text][\/vc_column][\/vc_row][vc_row][vc_column][vc_column_text text_larger=&#8221;no&#8221;]Qui sommes-nous? La soci\u00e9t\u00e9 DefibSolutions forte de 20 ans d\u2019exp\u00e9rience dans\u00a0: le service d\u2019aide m\u00e9dicale d\u2019urgence le sauvetage &amp;<\/p>\n","protected":false},"author":4,"featured_media":0,"parent":0,"menu_order":0,"comment_status":"closed","ping_status":"closed","template":"","meta":{"footnotes":""},"class_list":["post-3611","page","type-page","status-publish","hentry"],"_links":{"self":[{"href":"https:\/\/www.defibsolutions.fr\/boutique\/wp-json\/wp\/v2\/pages\/3611","targetHints":{"allow":["GET"]}}],"collection":[{"href":"https:\/\/www.defibsolutions.fr\/boutique\/wp-json\/wp\/v2\/pages"}],"about":[{"href":"https:\/\/www.defibsolutions.fr\/boutique\/wp-json\/wp\/v2\/types\/page"}],"author":[{"embeddable":true,"href":"https:\/\/www.defibsolutions.fr\/boutique\/wp-json\/wp\/v2\/users\/4"}],"replies":[{"embeddable":true,"href":"https:\/\/www.defibsolutions.fr\/boutique\/wp-json\/wp\/v2\/comments?post=3611"}],"version-history":[{"count":4,"href":"https:\/\/www.defibsolutions.fr\/boutique\/wp-json\/wp\/v2\/pages\/3611\/revisions"}],"predecessor-version":[{"id":4206,"href":"https:\/\/www.defibsolutions.fr\/boutique\/wp-json\/wp\/v2\/pages\/3611\/revisions\/4206"}],"wp:attachment":[{"href":"https:\/\/www.defibsolutions.fr\/boutique\/wp-json\/wp\/v2\/media?parent=3611"}],"curies":[{"name":"wp","href":"https:\/\/api.w.org\/{rel}","templated":true}]}}