{"id":3608,"date":"2019-08-22T09:29:53","date_gmt":"2019-08-22T09:29:53","guid":{"rendered":"https:\/\/www.defibsolutions.fr\/?page_id=3608"},"modified":"2021-02-01T11:41:55","modified_gmt":"2021-02-01T09:41:55","slug":"livraison-retour","status":"publish","type":"page","link":"https:\/\/www.defibsolutions.fr\/boutique\/livraison-retour\/","title":{"rendered":"Livraison &#038; Retour"},"content":{"rendered":"<div class=\"wpb-content-wrapper\"><p>[vc_row][vc_column][vc_column_text text_larger=&#8221;no&#8221;]<\/p>\n<p><strong>I\u00a0\u00a0\u00a0\u00a0\u00a0\u00a0\u00a0 LIVRAISON<\/strong><\/p>\n<p>DefibSolutions a choisi de travailler avec le prestataire de services logistiques UPS afin que vous puissiez recevoir rapidement et sans probl\u00e8me les marchandises que vous avez command\u00e9es chez nous.<\/p>\n<p>Le d\u00e9lai d&#8217;exp\u00e9dition d\u00e9pend de la disponibilit\u00e9 du produit dans nos stocks ou du d\u00e9lai d&#8217;obtention de la marchandise aupr\u00e8s du fabricant.<\/p>\n<p>Si les articles command\u00e9s sont en stock ils vous sont exp\u00e9di\u00e9s le jour m\u00eame. En cas de rupture de stock, de retard de livraison impr\u00e9vu ou d&#8217;exp\u00e9dition partielle de votre commande nous nous mettrons en relation avec vous.<\/p>\n<ol>\n<li><strong>Exp\u00e9dition de votre commande en toute s\u00e9curit\u00e9 <\/strong><\/li>\n<\/ol>\n<p>Toute commande pass\u00e9e avant 15h est exp\u00e9di\u00e9e le jour m\u00eame.\u00a0<\/p>\n<p>Tant que votre commande n&#8217;est pas emball\u00e9e par notre magasinier, vous pouvez la modifier ou l&#8217;annuler. La commande sera alors bloqu\u00e9e, jusqu&#8217;\u00e0 ce que vous nous indiquiez les changements souhait\u00e9s ou jusqu&#8217;\u00e0 ce que vous nous confirmiez l\u2019annulation d\u00e9finitive. Si votre colis a d\u00e9j\u00e0 \u00e9t\u00e9 pr\u00e9par\u00e9 et ferm\u00e9, et est pr\u00eat \u00e0 \u00eatre enlev\u00e9, les changements ne sont plus possibles.<\/p>\n<p>Une fois que votre commande est pr\u00eate \u00e0 \u00eatre enlev\u00e9e par le chauffeur UPS, vous recevrez un e-mail d\u2019avis d\u2019exp\u00e9dition accompagn\u00e9 d\u2019un lien de suivi.<\/p>\n<p>En g\u00e9n\u00e9ral le livreur UPS essaie d\u2019effectuer la livraison entre 9h00 et 18h00. Si vous ne pouvez pas \u00eatre chez vous au moment de la livraison, vous pouvez demander \u00e0 quelqu\u2019un d\u2019autre d\u2019\u00eatre pr\u00e9sent, pour recevoir le colis en votre nom. Si ce n\u2019est pas possible, vous pouvez \u00e9ventuellement laisser un mot \u00e0 l\u2019attention du livreur sur la porte d\u2019entr\u00e9e (demandez-lui par exemple de laisser votre colis \u00e0 la porte arri\u00e8re ou bien de le remettre aux voisins). En cas d\u2019impossibilit\u00e9 de livrer le colis le livreur d\u00e9posera un avis de passage dans votre bo\u00eete aux lettres.<\/p>\n<ol start=\"2\">\n<li><strong>Exp\u00e9dition vers la France, la Belgique et le Luxembourg <\/strong><\/li>\n<\/ol>\n<p>2.1\u00a0\u00a0\u00a0\u00a0\u00a0\u00a0 D\u00e9lai de livraison<\/p>\n<p>France m\u00e9tropolitaine\u00a0: les colis \u00e0 destination de la France sont livr\u00e9s sous 2 jours ouvr\u00e9s.<\/p>\n<p>Belgique\u00a0:\u00a0 les colis \u00e0 destination de la Flandre ou de la Wallonie sont livr\u00e9s sous 1 jour ouvr\u00e9.<\/p>\n<p>Luxembourg\u00a0:\u00a0 les colis \u00e0 destination du Luxembourg sont livr\u00e9s dans un d\u00e9lai de 1 \u00e0 2 jours ouvr\u00e9s.<\/p>\n<p>2.2\u00a0\u00a0\u00a0\u00a0\u00a0\u00a0 Frais de port UPS<\/p>\n<p>Les frais de port UPS pour des exp\u00e9ditions vers la France m\u00e9tropolitaine, la Belgique ou le Luxembourg sont gratuits.<\/p>\n<p>2.3\u00a0\u00a0\u00a0\u00a0\u00a0\u00a0 Comment suivre votre colis ?<\/p>\n<p>Notre partenaire logistique UPS vous propose de suivre l&#8217;acheminement de votre colis directement sur son site web gr\u00e2ce au n\u00b0 de suivi UPS que nous vous aurons pr\u00e9alablement exp\u00e9di\u00e9 par mail.<\/p>\n<p>Cela vous permet d\u2019\u00eatre inform\u00e9(e) sur le statut actuel, les retards impr\u00e9vus et la date de livraison pr\u00e9visionnelle de votre colis.<\/p>\n<p>2.4\u00a0\u00a0\u00a0\u00a0\u00a0\u00a0 Formalit\u00e9s d&#8217;envoi<\/p>\n<p>DefibSolutions est domicili\u00e9 aux Pays-Bas. Votre soci\u00e9t\u00e9 est domicili\u00e9e dans un pays membre de l&#8217;Union europ\u00e9enne\u00a0? La livraison est alors intracommunautaire et elle b\u00e9n\u00e9ficie d\u2019une exon\u00e9ration de TVA (facturation HT). Lors du passage de votre commande nous vous demandons donc de bien pr\u00e9ciser votre n\u00b0 de TVA intracommunautaire (identifiant fiscal unique et individuel attribu\u00e9 dans l&#8217;Union europ\u00e9enne par l&#8217;administration des imp\u00f4ts).<\/p>\n<p>Si vous ne disposez pas de n\u00b0 de TVA intracommunautaire la facturation sera TTC\u00a0:<\/p>\n<ul>\n<li>le taux de TVA r\u00e9duit qui sera utilis\u00e9 pour les DAE et ses consommables sera de 9 %<\/li>\n<li>le taux de TVA standard qui sera utilis\u00e9 pour tous les autres articles sera de 21 %<\/li>\n<\/ul>\n<p>Ces 2 taux de TVA sont en vigueur aux Pays-Bas.<\/p>\n<ol start=\"3\">\n<li><strong>Exp\u00e9dition vers la Suisse<\/strong><\/li>\n<\/ol>\n<p>3.1\u00a0\u00a0\u00a0\u00a0\u00a0\u00a0 D\u00e9lai de livraison<\/p>\n<p>Le d\u00e9lai de livraison pour un envoi vers la Suisse est de 3 \u00e0 4 jours ouvr\u00e9s en fonction de la ville.<\/p>\n<p>Pour les 10 principales agglom\u00e9rations (Zurich, Gen\u00e8ve, B\u00e2le, Lausanne, Berne, Winterthour, Lucerne, Saint-Gall, Lugano, Bienne) il est de 3 jours.<\/p>\n<p>Certaines villes Suisses n\u00e9cessitent un d\u00e9lai additionnel de livraison d\u20191 jour.<\/p>\n<p>3.2\u00a0\u00a0\u00a0\u00a0\u00a0\u00a0 Frais de port UPS<\/p>\n<p>Les frais de port UPS pour des exp\u00e9ditions vers la Suisse sont gratuits.<\/p>\n<p>3.3\u00a0\u00a0\u00a0\u00a0\u00a0\u00a0 Comment suivre votre colis ?<\/p>\n<p>Notre partenaire logistique UPS vous propose de suivre l&#8217;acheminement de votre colis directement sur son site web gr\u00e2ce au n\u00b0 de suivi UPS que nous vous aurons pr\u00e9alablement exp\u00e9di\u00e9 par mail.<\/p>\n<p>Cela vous permet d\u2019\u00eatre inform\u00e9(e) sur le statut actuel, les retards impr\u00e9vus et la date de livraison pr\u00e9visionnelle de votre colis.<\/p>\n<p>3.4\u00a0\u00a0\u00a0\u00a0\u00a0\u00a0 Formalit\u00e9s d&#8217;envoi<\/p>\n<p>DefibSolutions est domicili\u00e9 aux Pays-Bas. Votre soci\u00e9t\u00e9 est domicili\u00e9e en Suisse\u00a0? Toute commande que vous passez chez nous est donc une importation pour vous (et une exportation pour nous) et la facturation est HT.\u00a0<\/p>\n<p>La Suisse n&#8217;\u00e9tant pas un pays de l&#8217;Union Europ\u00e9enne il faut observer certaines formalit\u00e9s douani\u00e8res\u00a0:<\/p>\n<ul>\n<li>tous les colis \u00e0 destination de la Suisse seront accompagn\u00e9s de 3 factures (une originale et 2 copies) d\u00e9taillant pr\u00e9cis\u00e9ment le contenu et le montant total HT. Elles seront appliqu\u00e9es sur votre colis avant le passage du chauffeur UPS.<\/li>\n<li>une fois la livraison effectu\u00e9e, UPS vous exp\u00e9diera une facture qui comportera des frais de d\u00e9douanement (+\/- 20 CHF) et la TVA (de 7,7 %) calcul\u00e9e sur le montant total HT de notre facture.<\/li>\n<\/ul>\n<ol start=\"4\">\n<li><strong>Exp\u00e9dition vers une Bo\u00eete postale &#8211; Case postale<\/strong><\/li>\n<\/ol>\n<p>Nous n&#8217;exp\u00e9dions pas vers les bo\u00eetes\/cases postales dans l&#8217;UE car la majorit\u00e9 des services que nous offrons n\u00e9cessitent une signature en \u00e9change de la livraison.<\/p>\n<ol start=\"5\">\n<li><strong>Absence du destinataire lors de la livraison du colis <\/strong><\/li>\n<\/ol>\n<p>Si vous n&#8217;\u00eates pas pr\u00e9sent lors de la livraison du colis, le livreur UPS tentera de laisser le colis aupr\u00e8s d&#8217;un voisin ou du concierge\/gardien de l&#8217;immeuble. Si personne ne peut\/veut r\u00e9cup\u00e9rer le colis, le livreur UPS vous laissera un avis de passage\u00a0:<\/p>\n<ul>\n<li>qui vous indique une nouvelle date de livraison<\/li>\n<li>qui vous invite \u00e0 venir r\u00e9cup\u00e9rer votre colis \u00e0 un point relais (ou \u00e0 un d\u00e9p\u00f4t UPS) sur pr\u00e9sentation d&#8217;une pi\u00e8ce d&#8217;identit\u00e9. Vous aurez alors entre 7 et 10 jours ouvr\u00e9s pour aller le chercher.<\/li>\n<\/ul>\n<p>Si le colis n&#8217;a pas pu \u00eatre livr\u00e9 lors de la seconde tentative de livraison ou s\u2019il n&#8217;est pas retir\u00e9 pendant la dur\u00e9e de stockage, il sera alors consid\u00e9r\u00e9 comme non livrable et nous sera retourn\u00e9.<\/p>\n<ol start=\"6\">\n<li><strong>Respect des d\u00e9lais de livraison<\/strong><\/li>\n<\/ol>\n<p>Nous faisons tout notre possible pour respecter au maximum les d\u00e9lais de livraison. Cependant il arrive que ces d\u00e9lais soient allong\u00e9s\u00a0:<\/p>\n<ul>\n<li>pendant les p\u00e9riodes de forte demande (promotions)<\/li>\n<li>\u00e0 cause des jours f\u00e9ri\u00e9s (p\u00e9riodes de f\u00eates de fin d\u2019ann\u00e9e en particulier)<\/li>\n<li>en cas de force majeure (pand\u00e9mie, mauvaises conditions climatiques, etc)<\/li>\n<\/ul>\n<p>Cela peut entra\u00eener une suspension des services de livraison, une modification de l\u2019heure limite de commande et\/ou un allongement du d\u00e9lai de livraison.<\/p>\n<ol start=\"7\">\n<li><strong>Colis non livr\u00e9<\/strong><\/li>\n<\/ol>\n<p>Voil\u00e0 plusieurs jours que vous avez re\u00e7u la confirmation d&#8217;exp\u00e9dition de votre colis mais vous n&#8217;avez toujours rien re\u00e7u, et il n\u2019y a aucune notification dans votre bo\u00eete aux lettres\u00a0? Avant de d\u00e9poser une r\u00e9clamation, assurez-vous que vous avez v\u00e9rifi\u00e9 toutes les portes ext\u00e9rieures et les autres endroits o\u00f9 le colis pourrait se trouver, incluant le porche, le patio arri\u00e8re, le garage et tout autre endroit \u00e0 l\u2019abri des intemp\u00e9ries. Vous devriez \u00e9galement v\u00e9rifier aupr\u00e8s de quelqu\u2019un (voisin) qui aurait pu r\u00e9cup\u00e9rer le colis. Si vous ne trouvez toujours pas le colis merci de nous en avertir. Nous nous mettrons en contact avec UPS pour entamer un processus de r\u00e9clamation et enclencher un processus de recherche. Nous vous informerons de l\u2019\u00e9volution de la situation et si le colis tarde \u00e0 vous \u00eatre livr\u00e9 nous vous r\u00e9exp\u00e9dierons un 2<sup>nd<\/sup> colis. Merci alors de refuser le 1<sup>er<\/sup> colis si jamais il finit par vous \u00eatre \u00a0pr\u00e9sent\u00e9 par le livreur UPS, pour qu\u2019il nous soit retourn\u00e9.<\/p>\n<p><strong>II\u00a0\u00a0\u00a0\u00a0\u00a0 RETOUR<\/strong><\/p>\n<p>Politique de retour et de remboursement<\/p>\n<p>Service client DefibSolutions\u00a0: pour toute demande de retour ou de remboursement, merci de nous contacter soit par e-mail <a href=\"mailto:info@defibsolutions.fr\">info@defibsolutions.fr<\/a> soit par t\u00e9l\u00e9phone au +33 (0)9 75 18 04 78.<\/p>\n<ol>\n<li><strong>Retour<\/strong><\/li>\n<\/ol>\n<p>1.1\u00a0\u00a0\u00a0\u00a0\u00a0\u00a0 Retour d\u2019un article :<\/p>\n<ul>\n<li>que nous vous avons livr\u00e9 par erreur<\/li>\n<li>qui est d\u00e9fectueux ou ab\u00eem\u00e9 quand vous le recevez (pas conforme \u00e0 vos attentes)<\/li>\n<li>qui pr\u00e9sente un dysfonctionnement ou est tomb\u00e9 en panne pendant la p\u00e9riode de garantie<\/li>\n<\/ul>\n<p>Dans ces cas de figure, le retour ne tombe pas sous le coup du droit de r\u00e9tractation. Il s\u2019agit l\u00e0 d\u2019une r\u00e9clamation classique impliquant l\u2019\u00e9change ou la r\u00e9paration par le fournisseur.<\/p>\n<p>Comment renvoyer gratuitement un article ?<\/p>\n<ul>\n<li>demandez-nous un formulaire de retour, remplissez le et glissez le dans le colis (si possible d\u2019origine) contenant l\u2019article que vous souhaitez nous retourner. Fermez le colis.<\/li>\n<li>demandez nous une \u00e9tiquette de retour UPS que nous vous exp\u00e9dierons par mail.<\/li>\n<li>imprimez l\u2019\u00e9tiquette de retour UPS que vous avez re\u00e7ue.<\/li>\n<li>collez l\u2019\u00e9tiquette de retour UPS sur le colis. Nous vous recommandons de d\u00e9coller ou de recouvrir l&#8217;\u00e9tiquette d&#8217;exp\u00e9dition du colis d\u2019origine avant de coller votre \u00e9tiquette de retour sur le colis pour \u00e9viter toute confusion au transporteur.<\/li>\n<li>remettez le colis au chauffeur UPS lors de son prochain passage ou d\u00e9posez votre colis dans le point relais UPS le plus proche de chez vous (le r\u00e9seau UPS comporte plus de 3 700 magasins Access Points en France. N\u2019h\u00e9sitez pas \u00e0 nous demander la liste des points relais UPS les plus proches de chez vous).<\/li>\n<\/ul>\n<p>Les frais de retour UPS seront enti\u00e8rement \u00e0 notre charge et avec votre accord nous vous exp\u00e9dierons dans les plus brefs d\u00e9lais\u00a0:<\/p>\n<ul>\n<li>le bon article command\u00e9 (remplace le mauvais article re\u00e7u)<\/li>\n<li>un nouvel article (remplace l\u2019article d\u00e9fectueux re\u00e7u)<\/li>\n<li>un article de pr\u00eat pendant la p\u00e9riode de r\u00e9paration de l\u2019appareil sous garantie tomb\u00e9 en panne.<\/li>\n<\/ul>\n<p>Remarque importante : si vous avez re\u00e7u des produits endommag\u00e9s, nous vous demandons de prendre des photos du colis et\/ou des marchandises ab\u00eem\u00e9es. Veuillez nous envoyer ces photos, ainsi que la description des dommages par e-mail. Ne jetez pas le colis ni son contenu, m\u00eame s&#8217;ils sont ab\u00eem\u00e9s car ils sont n\u00e9cessaires aux proc\u00e9dures de d\u00e9dommagement.<\/p>\n<p>1.2\u00a0\u00a0\u00a0\u00a0\u00a0\u00a0 Retour d\u2019un article :<\/p>\n<ul>\n<li>que vous avez command\u00e9 par erreur<\/li>\n<li>qui est d\u00e9j\u00e0 entr\u00e9 dans le processus d&#8217;exp\u00e9dition et que vous voulez annuler<\/li>\n<\/ul>\n<p>La r\u00e9tractation doit nous \u00eatre signifi\u00e9e par \u00e9crit (courriel) le plus vite possible (selon la loi, dans les 14 jours apr\u00e8s r\u00e9ception de la commande). L\u2019article concern\u00e9 doit \u00eatre retourn\u00e9 sous 14 jours.<\/p>\n<p>Vous pouvez retourner votre colis en utilisant le service postal de votre choix (UPS, DHL, Colissimo, Relais Colis, Mondial Relay, etc). Veuillez noter que les frais d&#8217;envoi et \u00e9ventuels frais de douane (Suisse) sont \u00e0 votre charge. Vous pouvez indiquer qu&#8217;il s&#8217;agit d&#8217;un retour afin d&#8217;\u00e9viter de payer des frais de douane (Suisse).<\/p>\n<p>Le colis de retour \u00e9tant sous votre responsabilit\u00e9 jusqu&#8217;\u00e0 son arriv\u00e9e dans notre entrep\u00f4t, n&#8217;oubliez pas de demander et de conserver une preuve d&#8217;envoi avec un num\u00e9ro de suivi, car en cas de perte du colis vous en aurez besoin.<\/p>\n<p>Comment renvoyer votre article ?<\/p>\n<ul>\n<li>demandez-nous un formulaire de retour, remplissez le et glissez le dans le colis (si possible d\u2019origine) contenant l\u2019article que vous souhaitez nous retourner. Fermez le colis.<\/li>\n<li>remettez le colis au service postal de votre choix (UPS, DHL, Colissimo, Relais Colis, Mondial Relay, etc).<\/li>\n<li>faites exp\u00e9dier le colis \u00e0 l\u2019adresse suivante :<\/li>\n<\/ul>\n<p>DefibSolutions<\/p>\n<p>Attn\u00a0: Service apr\u00e8s-vente<\/p>\n<p>Arnesteinweg 36<br \/>4338 PD Middelburg<br \/>Pays-Bas<\/p>\n<ol start=\"2\">\n<li><strong>Remboursement<\/strong><\/li>\n<\/ol>\n<p>Lorsque vous d\u00e9sirez une annulation, mais que nous avons d\u00e9j\u00e0 re\u00e7u votre paiement, indiquez-nous si vous souhaitez recevoir le montant :<\/p>\n<ul>\n<li>Sous forme d&#8217;un avoir<\/li>\n<li>Sous forme de remboursement (veuillez alors nous fournir votre RIB &#8211; IBAN &amp; BIC). Nous faisons tout notre possible pour que vous soyez rembours\u00e9 dans les 7 jours suivant votre demande.<\/li>\n<\/ul>\n<p>Attention\u00a0!<\/p>\n<p>Le produit retourn\u00e9 doit \u00eatre dans la mesure du possible :<\/p>\n<ul>\n<li>correctement prot\u00e9g\u00e9, dans son emballage d\u2019origine, dans un parfait \u00e9tat de revente (non ab\u00eem\u00e9 ou endommag\u00e9)<\/li>\n<li>accompagn\u00e9 de tous accessoires \u00e9ventuels, notices d\u2019emploi et documentations<\/li>\n<li>accompagn\u00e9 du bon de livraison de fa\u00e7on \u00e0 nous permettre d\u2019identifier le client (n\u00b0 commande, nom, pr\u00e9nom, adresse)<\/li>\n<\/ul>\n<p>Tous les articles retourn\u00e9s sont scrupuleusement inspect\u00e9s \u00e0 leur retour. Si jamais l&#8217;article que vous nous renvoyez est endommag\u00e9 ou en mauvais \u00e9tat (conditionnement des \u00e9lectrodes ouvert par exemple) et ne peut donc pas \u00eatre revendu, nous ne pourrons malheureusement pas vous le rembourser.<\/p>\n<p>[\/vc_column_text][\/vc_column][\/vc_row]<\/p>\n<\/div>","protected":false},"excerpt":{"rendered":"<p>[vc_row][vc_column][vc_column_text text_larger=&#8221;no&#8221;] I\u00a0\u00a0\u00a0\u00a0\u00a0\u00a0\u00a0 LIVRAISON DefibSolutions a choisi de travailler avec le prestataire de services logistiques UPS afin que vous puissiez<\/p>\n","protected":false},"author":4,"featured_media":0,"parent":0,"menu_order":0,"comment_status":"closed","ping_status":"closed","template":"","meta":{"footnotes":""},"class_list":["post-3608","page","type-page","status-publish","hentry"],"_links":{"self":[{"href":"https:\/\/www.defibsolutions.fr\/boutique\/wp-json\/wp\/v2\/pages\/3608","targetHints":{"allow":["GET"]}}],"collection":[{"href":"https:\/\/www.defibsolutions.fr\/boutique\/wp-json\/wp\/v2\/pages"}],"about":[{"href":"https:\/\/www.defibsolutions.fr\/boutique\/wp-json\/wp\/v2\/types\/page"}],"author":[{"embeddable":true,"href":"https:\/\/www.defibsolutions.fr\/boutique\/wp-json\/wp\/v2\/users\/4"}],"replies":[{"embeddable":true,"href":"https:\/\/www.defibsolutions.fr\/boutique\/wp-json\/wp\/v2\/comments?post=3608"}],"version-history":[{"count":4,"href":"https:\/\/www.defibsolutions.fr\/boutique\/wp-json\/wp\/v2\/pages\/3608\/revisions"}],"predecessor-version":[{"id":4829,"href":"https:\/\/www.defibsolutions.fr\/boutique\/wp-json\/wp\/v2\/pages\/3608\/revisions\/4829"}],"wp:attachment":[{"href":"https:\/\/www.defibsolutions.fr\/boutique\/wp-json\/wp\/v2\/media?parent=3608"}],"curies":[{"name":"wp","href":"https:\/\/api.w.org\/{rel}","templated":true}]}}